{"id":125,"date":"2015-07-23T18:56:52","date_gmt":"2015-07-23T17:56:52","guid":{"rendered":"http:\/\/gym-grandson.ch\/gymgrandson\/?page_id=125"},"modified":"2021-08-15T17:51:43","modified_gmt":"2021-08-15T16:51:43","slug":"groupegroupe-parents-enfants","status":"publish","type":"page","link":"https:\/\/gym-grandson.ch\/gymgrandson\/groupe\/groupegroupe-parents-enfants\/","title":{"rendered":"Groupe Parents-Enfants"},"content":{"rendered":"<p>Les Parent-Enfants s\u2019entra\u00eenent le mercredi de 17h00 \u00e0 18h00. Ce groupe est compos\u00e9e de mamans ou de papas accompagn\u00e9s de leurs enfants entre 3 et 5 ans.<\/p>\n<p>La\u00a0 gym parents- enfants c\u2019est: courir, sauter, lancer rouler, porter, grimper et surtout s\u2019amuser. L\u2019\u00e9quilibre, l\u2019odorat, le go\u00fbt l\u2019audition, la vision et le toucher; voila aussi tout ce que la gym peut d\u00e9velopper chez votre enfant.<\/p>\n<p>Elle permet \u00e0 l\u2019enfant de passer un moment exclusif avec son papa ou sa maman, voire m\u00eame, ses grands-parents.<br \/>\nLa gym parents- enfants, c\u2019est offrir \u00e0 son petit une heures de plaisir, dans une ambiance sympa et d\u00e9tendue.<\/p>\n<p>La monitrice <strong>Amanda Cort\u00e9s<\/strong> est atteignable au\u00a0<strong>078 646 32 65 <\/strong>ainsi que par mail \u00e0 l\u2019adresse\u00a0<a href=\"mailto:acortes_4@hotmail.com\">acortes_4@hotmail.com<\/a> pour tout renseignement.<\/p>\n<p><img loading=\"lazy\" decoding=\"async\" class=\" wp-image-2529\" src=\"https:\/\/gym-grandson.ch\/gymgrandson\/wp-content\/uploads\/2019\/09\/181109-181110-GYMGrandson-435.jpg\" alt=\"\" width=\"679\" height=\"453\" \/><\/p>\n","protected":false},"excerpt":{"rendered":"<p>Les Parent-Enfants s\u2019entra\u00eenent le mercredi de 17h00 \u00e0 18h00. Ce groupe est compos\u00e9e de mamans ou de papas accompagn\u00e9s de leurs enfants entre 3 et 5 ans. La\u00a0 gym parents- enfants c\u2019est: courir, sauter, lancer rouler, porter, grimper et surtout s\u2019amuser. L\u2019\u00e9quilibre, l\u2019odorat, le go\u00fbt l\u2019audition, la vision et le toucher; voila aussi tout ce30<\/p>\n","protected":false},"author":1,"featured_media":0,"parent":37,"menu_order":0,"comment_status":"closed","ping_status":"open","template":"page-fullwidth.php","meta":{"footnotes":""},"class_list":["post-125","page","type-page","status-publish","hentry"],"_links":{"self":[{"href":"https:\/\/gym-grandson.ch\/gymgrandson\/wp-json\/wp\/v2\/pages\/125","targetHints":{"allow":["GET"]}}],"collection":[{"href":"https:\/\/gym-grandson.ch\/gymgrandson\/wp-json\/wp\/v2\/pages"}],"about":[{"href":"https:\/\/gym-grandson.ch\/gymgrandson\/wp-json\/wp\/v2\/types\/page"}],"author":[{"embeddable":true,"href":"https:\/\/gym-grandson.ch\/gymgrandson\/wp-json\/wp\/v2\/users\/1"}],"replies":[{"embeddable":true,"href":"https:\/\/gym-grandson.ch\/gymgrandson\/wp-json\/wp\/v2\/comments?post=125"}],"version-history":[{"count":8,"href":"https:\/\/gym-grandson.ch\/gymgrandson\/wp-json\/wp\/v2\/pages\/125\/revisions"}],"predecessor-version":[{"id":2688,"href":"https:\/\/gym-grandson.ch\/gymgrandson\/wp-json\/wp\/v2\/pages\/125\/revisions\/2688"}],"up":[{"embeddable":true,"href":"https:\/\/gym-grandson.ch\/gymgrandson\/wp-json\/wp\/v2\/pages\/37"}],"wp:attachment":[{"href":"https:\/\/gym-grandson.ch\/gymgrandson\/wp-json\/wp\/v2\/media?parent=125"}],"curies":[{"name":"wp","href":"https:\/\/api.w.org\/{rel}","templated":true}]}}