{"id":129,"date":"2015-07-23T19:02:05","date_gmt":"2015-07-23T18:02:05","guid":{"rendered":"http:\/\/gym-grandson.ch\/gymgrandson\/?page_id=129"},"modified":"2025-12-15T12:16:03","modified_gmt":"2025-12-15T11:16:03","slug":"groupegroupe-enfantines","status":"publish","type":"page","link":"https:\/\/gym-grandson.ch\/gymgrandson\/groupe\/groupegroupe-enfantines\/","title":{"rendered":"Groupe Enfantines"},"content":{"rendered":"<p>Les enfantines s\u2019entra\u00eenent le mercredi de 17h15 \u00e0 18h30 . Ce groupe est compos\u00e9 de gar\u00e7ons et de filles entre 5 et 7 ans.<\/p>\n<p>Les le\u00e7ons se divisent en diverses activit\u00e9s telles que parcours d\u2019obstacles, initiations\u00a0 aux agr\u00e8s, jeux de coordination,<br \/>de mobilit\u00e9 et de jeux r\u00e9cr\u00e9atifs. L\u2019essentiel \u00e9tant le plaisir avant tout.<\/p>\n<p>Chaque ann\u00e9e le groupe\u00a0 participe \u00e0 deux journ\u00e9es sportives, durant lesquelles chacun donne le meilleur de lui-m\u00eame.<\/p>\n<p>La monitrice <strong>Tessie Saugy<\/strong> est joignable au <strong>078 892 28 05 <\/strong>pour tout renseignement.<\/p>\n\n\n<figure class=\"wp-block-image size-full\"><img loading=\"lazy\" decoding=\"async\" width=\"2048\" height=\"1536\" src=\"https:\/\/gym-grandson.ch\/gymgrandson\/wp-content\/uploads\/2024\/11\/WhatsApp-Image-2024-11-04-at-23.37.33.jpeg\" alt=\"\" class=\"wp-image-3109\"\/><\/figure>\n","protected":false},"excerpt":{"rendered":"<p>Les enfantines s\u2019entra\u00eenent le mercredi de 17h15 \u00e0 18h30 . Ce groupe est compos\u00e9 de gar\u00e7ons et de filles entre 5 et 7 ans. Les le\u00e7ons se divisent en diverses activit\u00e9s telles que parcours d\u2019obstacles, initiations\u00a0 aux agr\u00e8s, jeux de coordination,de mobilit\u00e9 et de jeux r\u00e9cr\u00e9atifs. L\u2019essentiel \u00e9tant le plaisir avant tout. Chaque ann\u00e9e le30<\/p>\n","protected":false},"author":1,"featured_media":0,"parent":37,"menu_order":0,"comment_status":"closed","ping_status":"open","template":"page-fullwidth.php","meta":{"footnotes":""},"class_list":["post-129","page","type-page","status-publish","hentry"],"_links":{"self":[{"href":"https:\/\/gym-grandson.ch\/gymgrandson\/wp-json\/wp\/v2\/pages\/129","targetHints":{"allow":["GET"]}}],"collection":[{"href":"https:\/\/gym-grandson.ch\/gymgrandson\/wp-json\/wp\/v2\/pages"}],"about":[{"href":"https:\/\/gym-grandson.ch\/gymgrandson\/wp-json\/wp\/v2\/types\/page"}],"author":[{"embeddable":true,"href":"https:\/\/gym-grandson.ch\/gymgrandson\/wp-json\/wp\/v2\/users\/1"}],"replies":[{"embeddable":true,"href":"https:\/\/gym-grandson.ch\/gymgrandson\/wp-json\/wp\/v2\/comments?post=129"}],"version-history":[{"count":9,"href":"https:\/\/gym-grandson.ch\/gymgrandson\/wp-json\/wp\/v2\/pages\/129\/revisions"}],"predecessor-version":[{"id":3222,"href":"https:\/\/gym-grandson.ch\/gymgrandson\/wp-json\/wp\/v2\/pages\/129\/revisions\/3222"}],"up":[{"embeddable":true,"href":"https:\/\/gym-grandson.ch\/gymgrandson\/wp-json\/wp\/v2\/pages\/37"}],"wp:attachment":[{"href":"https:\/\/gym-grandson.ch\/gymgrandson\/wp-json\/wp\/v2\/media?parent=129"}],"curies":[{"name":"wp","href":"https:\/\/api.w.org\/{rel}","templated":true}]}}