{"id":132,"date":"2015-07-23T19:26:38","date_gmt":"2015-07-23T18:26:38","guid":{"rendered":"http:\/\/gym-grandson.ch\/gymgrandson\/?page_id=132"},"modified":"2021-08-13T14:34:44","modified_gmt":"2021-08-13T13:34:44","slug":"groupegroupe-athletisme","status":"publish","type":"page","link":"https:\/\/gym-grandson.ch\/gymgrandson\/groupe\/groupegroupe-athletisme\/","title":{"rendered":"Groupe Athl\u00e9tisme"},"content":{"rendered":"<p>Le groupe Athl\u00e9tisme s&rsquo;entraine tous les jeudis; de 17:45 \u00e0 18:45 pour les enfants de 6 \u00e0 9 ans et de 18:15 \u00e0 20:00 pour les enfants de 10 \u00e0 16 ans. Tout ce monde se r\u00e9unit \u00e0 la salle du Jura pour pratiquer son sport pr\u00e9f\u00e9r\u00e9.<\/p>\n<p>La devise du groupe est: sauter haut, courir vite, lancer loin. Le but n&rsquo;est pas de battre des records, mais de donner le meilleur de<br \/>\nsoi-m\u00eame, dans les disciplines de l&rsquo;athl\u00e9tisme.<\/p>\n<p>Ce groupe propose \u00e9galement un renforcement musculaire adapt\u00e9 aux jeunes, diff\u00e9rents exercices pour entrainer l&rsquo;endurance,<br \/>\ndes parcours d&rsquo;obstacles et, bien s\u00fbr, des jeux.<\/p>\n<p>Le groupe participe \u00e0 environ 5 concours durant le printemps et \u00e0 une ou deux courses d\u2019 endurance. Il prend \u00e9galement part aux manifestations<br \/>\nmises sur pied par la soci\u00e9t\u00e9.<\/p>\n<p>La monitrice\u00a0<strong>Solange Harnischberg<\/strong> est atteignable au\u00a0<strong>079 566 94 79 <\/strong>ainsi que par mail \u00e0 l\u2019adresse\u00a0<a href=\"mailto:solharnischberg@hotmail.com\">solharnischberg@hotmail.com<\/a> pour tout renseignement.<\/p>\n<p><a href=\"https:\/\/gym-grandson.ch\/gymgrandson\/wp-content\/uploads\/2015\/07\/IMG_0595.jpg\"><img loading=\"lazy\" decoding=\"async\" class=\"alignnone  wp-image-133\" src=\"https:\/\/gym-grandson.ch\/gymgrandson\/wp-content\/uploads\/2015\/07\/IMG_0595.jpg\" alt=\"IMG_0595\" width=\"1160\" height=\"775\" srcset=\"https:\/\/gym-grandson.ch\/gymgrandson\/wp-content\/uploads\/2015\/07\/IMG_0595.jpg 2816w, https:\/\/gym-grandson.ch\/gymgrandson\/wp-content\/uploads\/2015\/07\/IMG_0595-300x200.jpg 300w\" sizes=\"auto, (max-width: 1160px) 100vw, 1160px\" \/><\/a><\/p>\n","protected":false},"excerpt":{"rendered":"<p>Le groupe Athl\u00e9tisme s&rsquo;entraine tous les jeudis; de 17:45 \u00e0 18:45 pour les enfants de 6 \u00e0 9 ans et de 18:15 \u00e0 20:00 pour les enfants de 10 \u00e0 16 ans. Tout ce monde se r\u00e9unit \u00e0 la salle du Jura pour pratiquer son sport pr\u00e9f\u00e9r\u00e9. La devise du groupe est: sauter haut, courir30<\/p>\n","protected":false},"author":1,"featured_media":0,"parent":37,"menu_order":0,"comment_status":"closed","ping_status":"open","template":"page-fullwidth.php","meta":{"footnotes":""},"class_list":["post-132","page","type-page","status-publish","hentry"],"_links":{"self":[{"href":"https:\/\/gym-grandson.ch\/gymgrandson\/wp-json\/wp\/v2\/pages\/132","targetHints":{"allow":["GET"]}}],"collection":[{"href":"https:\/\/gym-grandson.ch\/gymgrandson\/wp-json\/wp\/v2\/pages"}],"about":[{"href":"https:\/\/gym-grandson.ch\/gymgrandson\/wp-json\/wp\/v2\/types\/page"}],"author":[{"embeddable":true,"href":"https:\/\/gym-grandson.ch\/gymgrandson\/wp-json\/wp\/v2\/users\/1"}],"replies":[{"embeddable":true,"href":"https:\/\/gym-grandson.ch\/gymgrandson\/wp-json\/wp\/v2\/comments?post=132"}],"version-history":[{"count":4,"href":"https:\/\/gym-grandson.ch\/gymgrandson\/wp-json\/wp\/v2\/pages\/132\/revisions"}],"predecessor-version":[{"id":2682,"href":"https:\/\/gym-grandson.ch\/gymgrandson\/wp-json\/wp\/v2\/pages\/132\/revisions\/2682"}],"up":[{"embeddable":true,"href":"https:\/\/gym-grandson.ch\/gymgrandson\/wp-json\/wp\/v2\/pages\/37"}],"wp:attachment":[{"href":"https:\/\/gym-grandson.ch\/gymgrandson\/wp-json\/wp\/v2\/media?parent=132"}],"curies":[{"name":"wp","href":"https:\/\/api.w.org\/{rel}","templated":true}]}}