{"id":2245,"date":"2018-12-29T14:57:48","date_gmt":"2018-12-29T13:57:48","guid":{"rendered":"http:\/\/gym-grandson.ch\/gymgrandson\/?page_id=2245"},"modified":"2019-01-14T22:05:19","modified_gmt":"2019-01-14T21:05:19","slug":"historique","status":"publish","type":"page","link":"https:\/\/gym-grandson.ch\/gymgrandson\/historique\/","title":{"rendered":"Historique"},"content":{"rendered":"\n<div class=\"wp-block-media-text alignwide\" style=\"grid-template-columns:43% auto\"><figure class=\"wp-block-media-text__media\"><img loading=\"lazy\" decoding=\"async\" width=\"5417\" height=\"3857\" src=\"https:\/\/gym-grandson.ch\/gymgrandson\/wp-content\/uploads\/2019\/01\/F\u00eate-r\u00e9gionale-Orbe-1907.jpg\" alt=\"\" class=\"wp-image-2363\"\/><\/figure><div class=\"wp-block-media-text__content\">\n<p style=\"text-align:left\">Vous trouverez ci-dessous un document retra\u00e7ant l&rsquo;histoire de notre soci\u00e9t\u00e9, de ses premiers pas jusqu&rsquo;\u00e0 nos jours! R\u00e9alis\u00e9 \u00e0 l&rsquo;occasion de notre 125\u00e8me anniversaire, il fait la synth\u00e8se des rares ouvrages actuels traitant du sujet et de nos propres archives. Bonne lecture!<\/p>\n\n\n\n<p><a href=\"https:\/\/gym-grandson.ch\/gymgrandson\/wp-content\/uploads\/2019\/01\/historique_societe.pdf\">historique_societe<\/a><\/p>\n<\/div><\/div>\n","protected":false},"excerpt":{"rendered":"<p>Vous trouverez ci-dessous un document retra\u00e7ant l&rsquo;histoire de notre soci\u00e9t\u00e9, de ses premiers pas jusqu&rsquo;\u00e0 nos jours! R\u00e9alis\u00e9 \u00e0 l&rsquo;occasion de notre 125\u00e8me anniversaire, il fait la synth\u00e8se des rares ouvrages actuels traitant du sujet et de nos propres archives. Bonne lecture! historique_societe<\/p>\n","protected":false},"author":1,"featured_media":0,"parent":0,"menu_order":0,"comment_status":"closed","ping_status":"closed","template":"page-fullwidth.php","meta":{"footnotes":""},"class_list":["post-2245","page","type-page","status-publish","hentry"],"_links":{"self":[{"href":"https:\/\/gym-grandson.ch\/gymgrandson\/wp-json\/wp\/v2\/pages\/2245","targetHints":{"allow":["GET"]}}],"collection":[{"href":"https:\/\/gym-grandson.ch\/gymgrandson\/wp-json\/wp\/v2\/pages"}],"about":[{"href":"https:\/\/gym-grandson.ch\/gymgrandson\/wp-json\/wp\/v2\/types\/page"}],"author":[{"embeddable":true,"href":"https:\/\/gym-grandson.ch\/gymgrandson\/wp-json\/wp\/v2\/users\/1"}],"replies":[{"embeddable":true,"href":"https:\/\/gym-grandson.ch\/gymgrandson\/wp-json\/wp\/v2\/comments?post=2245"}],"version-history":[{"count":86,"href":"https:\/\/gym-grandson.ch\/gymgrandson\/wp-json\/wp\/v2\/pages\/2245\/revisions"}],"predecessor-version":[{"id":2370,"href":"https:\/\/gym-grandson.ch\/gymgrandson\/wp-json\/wp\/v2\/pages\/2245\/revisions\/2370"}],"wp:attachment":[{"href":"https:\/\/gym-grandson.ch\/gymgrandson\/wp-json\/wp\/v2\/media?parent=2245"}],"curies":[{"name":"wp","href":"https:\/\/api.w.org\/{rel}","templated":true}]}}