{"id":3186,"date":"2025-06-03T20:33:33","date_gmt":"2025-06-03T19:33:33","guid":{"rendered":"https:\/\/gym-grandson.ch\/gymgrandson\/?page_id=3186"},"modified":"2025-06-03T20:33:34","modified_gmt":"2025-06-03T19:33:34","slug":"groupe-agres-b2","status":"publish","type":"page","link":"https:\/\/gym-grandson.ch\/gymgrandson\/groupe\/groupe-agres-b2\/","title":{"rendered":"Groupe Agr\u00e8s B2"},"content":{"rendered":"\n<p data-start=\"191\" data-end=\"295\"><strong data-start=\"191\" data-end=\"198\">\u00c2ge<\/strong> : Groupe \u00e0 \u00e9valuer selon l\u2019\u00e2ge et le niveau du gymnaste, merci de contacter un\u00b7e moniteur\u00b7trice.<\/p>\n<p data-start=\"297\" data-end=\"335\"><strong data-start=\"297\" data-end=\"305\">Lieu<\/strong> : Centre Sportif de Born\u00e9-Nau<\/p>\n<p data-start=\"337\" data-end=\"378\"><strong data-start=\"337\" data-end=\"348\">Horaire<\/strong> :<br data-start=\"350\" data-end=\"353\" \/>Mercredi de 20h00 \u00e0 21h30<\/p>\n<p data-start=\"380\" data-end=\"681\"><strong data-start=\"380\" data-end=\"394\">Descriptif<\/strong> :<br data-start=\"396\" data-end=\"399\" \/>Le groupe B2 s\u2019adresse \u00e0 des <strong data-start=\"428\" data-end=\"459\">gymnastes filles et gar\u00e7ons<\/strong> motiv\u00e9s, \u00e9voluant dans les <strong data-start=\"487\" data-end=\"509\">cat\u00e9gories C5 \u00e0 C7<\/strong>.<br data-start=\"510\" data-end=\"513\" \/>Il a pour objectif principal la <strong data-start=\"545\" data-end=\"581\">gymnastique aux agr\u00e8s individuel<\/strong>, avec une pr\u00e9paration sp\u00e9cifique pour les <strong data-start=\"624\" data-end=\"648\">concours individuels<\/strong> organis\u00e9s au cours de la saison.<\/p>\n<p data-start=\"683\" data-end=\"930\">Les entra\u00eenements permettent de perfectionner les \u00e9l\u00e9ments techniques sur les diff\u00e9rents engins (sol, saut, barres, anneaux\/barre fixe selon le genre), tout en d\u00e9veloppant force, coordination et pr\u00e9cision dans une ambiance dynamique et ambitieuse.<\/p>\n<p data-start=\"932\" data-end=\"1061\"><strong data-start=\"932\" data-end=\"1014\">La participation aux entra\u00eenements et aux concours individuels est obligatoire<\/strong> pour chaque gymnaste faisant partie du groupe.<\/p>\n<p data-start=\"932\" data-end=\"1061\">\u00a0<\/p>\n<p data-start=\"932\" data-end=\"1061\"><strong data-start=\"1063\" data-end=\"1074\">Contact<\/strong> : Val\u00e9rie Millet &#8211; 079 381 17 46 &#8211; v.payot@hotmail.com<\/p>\n","protected":false},"excerpt":{"rendered":"<p>\u00c2ge : Groupe \u00e0 \u00e9valuer selon l\u2019\u00e2ge et le niveau du gymnaste, merci de contacter un\u00b7e moniteur\u00b7trice. Lieu : Centre Sportif de Born\u00e9-Nau Horaire :Mercredi de 20h00 \u00e0 21h30 Descriptif :Le groupe B2 s\u2019adresse \u00e0 des gymnastes filles et gar\u00e7ons motiv\u00e9s, \u00e9voluant dans les cat\u00e9gories C5 \u00e0 C7.Il a pour objectif principal la gymnastique aux30<\/p>\n","protected":false},"author":1,"featured_media":0,"parent":37,"menu_order":0,"comment_status":"closed","ping_status":"closed","template":"page-fullwidth.php","meta":{"footnotes":""},"class_list":["post-3186","page","type-page","status-publish","hentry"],"_links":{"self":[{"href":"https:\/\/gym-grandson.ch\/gymgrandson\/wp-json\/wp\/v2\/pages\/3186","targetHints":{"allow":["GET"]}}],"collection":[{"href":"https:\/\/gym-grandson.ch\/gymgrandson\/wp-json\/wp\/v2\/pages"}],"about":[{"href":"https:\/\/gym-grandson.ch\/gymgrandson\/wp-json\/wp\/v2\/types\/page"}],"author":[{"embeddable":true,"href":"https:\/\/gym-grandson.ch\/gymgrandson\/wp-json\/wp\/v2\/users\/1"}],"replies":[{"embeddable":true,"href":"https:\/\/gym-grandson.ch\/gymgrandson\/wp-json\/wp\/v2\/comments?post=3186"}],"version-history":[{"count":1,"href":"https:\/\/gym-grandson.ch\/gymgrandson\/wp-json\/wp\/v2\/pages\/3186\/revisions"}],"predecessor-version":[{"id":3187,"href":"https:\/\/gym-grandson.ch\/gymgrandson\/wp-json\/wp\/v2\/pages\/3186\/revisions\/3187"}],"up":[{"embeddable":true,"href":"https:\/\/gym-grandson.ch\/gymgrandson\/wp-json\/wp\/v2\/pages\/37"}],"wp:attachment":[{"href":"https:\/\/gym-grandson.ch\/gymgrandson\/wp-json\/wp\/v2\/media?parent=3186"}],"curies":[{"name":"wp","href":"https:\/\/api.w.org\/{rel}","templated":true}]}}