{"id":331,"date":"2015-07-01T09:33:57","date_gmt":"2015-07-01T08:33:57","guid":{"rendered":"http:\/\/gym-grandson.ch\/gymgrandson\/?page_id=331"},"modified":"2024-11-22T00:57:19","modified_gmt":"2024-11-21T23:57:19","slug":"contacts","status":"publish","type":"page","link":"https:\/\/gym-grandson.ch\/gymgrandson\/contacts\/","title":{"rendered":"Contacts"},"content":{"rendered":"<p><img loading=\"lazy\" decoding=\"async\" class=\"wp-image-2178 alignleft\" src=\"https:\/\/gym-grandson.ch\/gymgrandson\/wp-content\/uploads\/2018\/12\/180630-Divers-014.jpg\" alt=\"\" width=\"567\" height=\"378\" \/><\/p>\n<p>Pr\u00e9sident du Comit\u00e9 Central : Fran\u00e7ois Payot, +41 (0)79 336 58 77, f.payot@bluemail.ch<\/p>\n<p>Pr\u00e9sident du Comit\u00e9 Technique : Jonathan Payot, +41 (0)76 392 35 70, jonathan.payot@gmail.com<\/p>\n<p>Caissi\u00e8res: Emmanuelle Payot et Chantal Testuz,\u00a0 finances@gymgrandson.ch<\/p>\n<p>Soci\u00e9t\u00e9 de Gymnastique de Grandson<br \/>CP 149<br \/>1422 Grandson 1<br \/>gymgrandson@gmail.com<br \/>CCP 30-194067-1<br \/>IBAN CH81 00767 000U 5595 7262<\/p>\n\n\n<p>&nbsp;<strong>Associations gymniques<\/strong><\/p>\n\n\n\n<p>Association Cantonale Vaudoise de Gymnastique: <a href=\"https:\/\/acvg.ch\/\">https:\/\/acvg.ch\/<\/a><\/p>\n\n\n\n<p>Union Romande de Gymnastique: <a href=\"https:\/\/www.urg.ch\/\">https:\/\/www.urg.ch\/<\/a><\/p>\n\n\n\n<p>F\u00e9d\u00e9ration Suisse de Gymnastique: <a href=\"http:\/\/www.stv-fsg.ch\/fr\/\">http:\/\/www.stv-fsg.ch\/fr\/<\/a><\/p>\n\n\n\n<hr class=\"wp-block-separator has-css-opacity\"\/>\n\n\n\n<p><strong>Soci\u00e9t\u00e9s locales<\/strong><\/p>\n\n\n\n<p>Association Pro Grandson: <a href=\"http:\/\/www.prograndson.ch\/\">http:\/\/www.prograndson.ch\/<\/a><\/p>\n\n\n\n<p>Ch\u00e2teau de Grandson: <a href=\"http:\/\/www.chateau-grandson.ch\/\">http:\/\/www.chateau-grandson.ch\/<\/a><\/p>\n\n\n\n<p>Commune de Grandson: <a href=\"http:\/\/www.grandson.ch\/net\/Net_Grandson.asp?NoOFS=5561&amp;NumStr=04\">http:\/\/www.grandson.ch\/net\/Net_Grandson.asp?NoOFS=5561&amp;NumStr=04<\/a><\/p>\n","protected":false},"excerpt":{"rendered":"<p>Pr\u00e9sident du Comit\u00e9 Central : Fran\u00e7ois Payot, +41 (0)79 336 58 77, f.payot@bluemail.ch Pr\u00e9sident du Comit\u00e9 Technique : Jonathan Payot, +41 (0)76 392 35 70, jonathan.payot@gmail.com Caissi\u00e8res: Emmanuelle Payot et Chantal Testuz,\u00a0 finances@gymgrandson.ch Soci\u00e9t\u00e9 de Gymnastique de GrandsonCP 1491422 Grandson 1gymgrandson@gmail.comCCP 30-194067-1IBAN CH81 00767 000U 5595 7262 &nbsp;Associations gymniques Association Cantonale Vaudoise de Gymnastique: https:\/\/acvg.ch\/30<\/p>\n","protected":false},"author":1,"featured_media":0,"parent":0,"menu_order":0,"comment_status":"closed","ping_status":"closed","template":"page-fullwidth.php","meta":{"footnotes":""},"class_list":["post-331","page","type-page","status-publish","hentry"],"_links":{"self":[{"href":"https:\/\/gym-grandson.ch\/gymgrandson\/wp-json\/wp\/v2\/pages\/331","targetHints":{"allow":["GET"]}}],"collection":[{"href":"https:\/\/gym-grandson.ch\/gymgrandson\/wp-json\/wp\/v2\/pages"}],"about":[{"href":"https:\/\/gym-grandson.ch\/gymgrandson\/wp-json\/wp\/v2\/types\/page"}],"author":[{"embeddable":true,"href":"https:\/\/gym-grandson.ch\/gymgrandson\/wp-json\/wp\/v2\/users\/1"}],"replies":[{"embeddable":true,"href":"https:\/\/gym-grandson.ch\/gymgrandson\/wp-json\/wp\/v2\/comments?post=331"}],"version-history":[{"count":41,"href":"https:\/\/gym-grandson.ch\/gymgrandson\/wp-json\/wp\/v2\/pages\/331\/revisions"}],"predecessor-version":[{"id":3120,"href":"https:\/\/gym-grandson.ch\/gymgrandson\/wp-json\/wp\/v2\/pages\/331\/revisions\/3120"}],"wp:attachment":[{"href":"https:\/\/gym-grandson.ch\/gymgrandson\/wp-json\/wp\/v2\/media?parent=331"}],"curies":[{"name":"wp","href":"https:\/\/api.w.org\/{rel}","templated":true}]}}