{"id":37,"date":"2015-07-19T17:01:44","date_gmt":"2015-07-19T16:01:44","guid":{"rendered":"http:\/\/gym-grandson.ch\/gymgrandson\/?page_id=37"},"modified":"2025-12-15T12:20:57","modified_gmt":"2025-12-15T11:20:57","slug":"groupe","status":"publish","type":"page","link":"https:\/\/gym-grandson.ch\/gymgrandson\/groupe\/","title":{"rendered":"Groupes enfants"},"content":{"rendered":"<h1 style=\"text-align: center;\" data-tadv-p=\"keep\"><strong>Vous trouverez ici toutes les informations concernant nos groupes d\u00e9di\u00e9s aux enfants entre 3 et 16 ans<\/strong><\/h1>\n\n\n<hr class=\"wp-block-separator has-css-opacity\"\/>\n\n\n\n<figure class=\"wp-block-table\"><table><tbody><tr><th class=\"has-text-align-center\" data-align=\"center\">Groupe<\/th><th>Jour et heure<\/th><th>Lieu<\/th><th>Moniteurs<\/th><\/tr><tr><td class=\"has-text-align-center\" data-align=\"center\"><a href=\"https:\/\/gym-grandson.ch\/gymgrandson\/groupe\/groupegroupe-parents-enfants\">Parents Enfants d\u00e8s 3 ans<\/a><\/td><td>Mercredi de 17h00 \u00e0 18h00<\/td><td>Centre sportif de Born\u00e9-Nau<\/td><td>Amanda Cort\u00e9s<br>acortes_4@hotmail.com<br>078 646 32 65<\/td><\/tr><tr><td class=\"has-text-align-center\" data-align=\"center\"><a href=\"https:\/\/gym-grandson.ch\/gymgrandson\/groupe\/groupegroupe-enfantines\/\">Mixtes 1\u00e8re et 2\u00e8me enfantines<br>(1P &#8211; 2P, 4 &#8211; 5 ans)<\/a><\/td><td>Mercredi de 17h00 \u00e0 18h00<\/td><td>Centre sportif de Born\u00e9-Nau<\/td><td>Tessie Saugy<br>078 892 28 05<\/td><\/tr><tr><td class=\"has-text-align-center\" data-align=\"center\"><a href=\"https:\/\/gym-grandson.ch\/gymgrandson\/groupe\/groupegroupe-athletisme\/\">Groupe athl\u00e9tisme<br>6 \u00e0 9 ans<\/a><\/td><td>Jeudi de 17h45 \u00e0 18h45<\/td><td>Centre sportif de Born\u00e9-Nau<\/td><td>Solange Harnischberg<br>solharnischberg@hotmail.com<br>079 566 94 79<\/td><\/tr><tr><td class=\"has-text-align-center\" data-align=\"center\"> <br><a href=\"https:\/\/gym-grandson.ch\/gymgrandson\/groupe\/groupegroupe-athletisme\/\">Groupe athl\u00e9tisme<br>10 \u00e0 16 ans<\/a><br><\/td><td>Jeudi de 18h15 \u00e0 20h00<\/td><td>Centre sportif de Born\u00e9-Nau <\/td><td>Solange Harnischberg<br>solharnischberg@hotmail.com<br>079 566 94 79 <\/td><\/tr><tr><td class=\"has-text-align-center\" data-align=\"center\"><a href=\"https:\/\/gym-grandson.ch\/gymgrandson\/groupe\/groupegroupe-mixtes-7-12-ans\/\">Groupe Mixtes <br>7 \u00e0 12 ans<\/a><\/td><td>Mardi de 18h00 \u00e0 19h30<\/td><td>Centre sportif de Born\u00e9-Nau<\/td><td>Nolann Rouilly <br>079 904 74 92<\/td><\/tr><tr><td class=\"has-text-align-center\" data-align=\"center\"><a href=\"https:\/\/gym-grandson.ch\/gymgrandson\/groupe\/groupegroupe-agres-c1\/\">Agr\u00e8s individuel pr\u00e9paratoire et comp\u00e9tions C1<br>D\u00e8s 6 ans<\/a><\/td><td>Lundi de 18h00 \u00e0 19h30<\/td><td>Centre sportif de Born\u00e9-Nau<\/td><td>Marine Perusset<br>mperuss@gmail.com<br>077 442 94 08<\/td><\/tr><tr><td class=\"has-text-align-center\" data-align=\"center\"><a href=\"https:\/\/gym-grandson.ch\/gymgrandson\/groupe\/groupe-agres-c2-c3\/\">Agr\u00e8s individuel comp\u00e9titions C2 &amp; C3<br>Selon le niveau et l&rsquo;\u00e2ge du gymnaste<\/a><\/td><td>Lundi de 18h00 \u00e0 19h30 et<br>Mercredi de 18h00 \u00e0 19h15<\/td><td>Centre sportif de Born\u00e9-Nau<\/td><td>Jonathan Payot<br>jonathan.payot@gmail.com<br>076 392 35 70<br><br>Morgane Goujgali<br>morganesto@hotmail.com<br>078 810 74 67<\/td><\/tr><tr><td class=\"has-text-align-center\" data-align=\"center\"><a href=\"https:\/\/gym-grandson.ch\/gymgrandson\/groupe\/groupe-agres-c4-societe\/\">Agr\u00e8s individuel comp\u00e9titions C4 ainsi qu\u2019agr\u00e8s de soci\u00e9t\u00e9<br>Selon le niveau et l&rsquo;\u00e2ge du gymnaste<\/a><\/td><td>Agr\u00e8s individuel:<br>Mercredi de 19h15 \u00e0 20h30 et<br>Vendredi de 18h00 \u00e0 20h00<br><br>Agr\u00e8s de soci\u00e9t\u00e9:<br>Vendredi de 18h30 \u00e0 20h00<\/td><td>Centre sportif de Born\u00e9-Nau<\/td><td>Jonathan Payot<br>jonathan.payot@gmail.com<br>076 392 35 70<br><br>Morgane Goujgali<br>morganesto@hotmail.com<br>078 810 74 67<\/td><\/tr><tr><td class=\"has-text-align-center\" data-align=\"center\"><a href=\"https:\/\/gym-grandson.ch\/gymgrandson\/groupe\/groupe-gym-danse\/\">Gym &amp; danse<br>6-11 ans<\/a><\/td><td>Jeudi de 18h30 \u00e0 20h00<\/td><td>Centre sportif de Born\u00e9-Nau<\/td><td>Alexia Villemin<br>079 944 58 84<\/td><\/tr><tr><td class=\"has-text-align-center\" data-align=\"center\"><a href=\"https:\/\/gym-grandson.ch\/gymgrandson\/groupe\/groupe-agres-b2\/\" data-type=\"link\" data-id=\"https:\/\/gym-grandson.ch\/gymgrandson\/groupe\/groupe-agres-b2\/\">Agr\u00e8s B2<\/a><\/td><td>Mercredi de 20h \u00e0 21h30<\/td><td>Centre sportif de Born\u00e9-Nau<\/td><td>Val\u00e9rie Millet<br>v.payot@hotmail.com<br>079 381 17 46<\/td><\/tr><\/tbody><\/table><\/figure>\n\n\n\n<hr class=\"wp-block-separator has-css-opacity\"\/>\n\n\n<div class=\"wp-block-image\">\n<figure class=\"aligncenter is-resized\"><img loading=\"lazy\" decoding=\"async\" width=\"1370\" height=\"670\" src=\"https:\/\/gym-grandson.ch\/gymgrandson\/wp-content\/uploads\/2015\/07\/schema.jpg\" alt=\"\" class=\"wp-image-397\" style=\"width:1124px;height:549px\"\/><\/figure><\/div>","protected":false},"excerpt":{"rendered":"<p>Vous trouverez ici toutes les informations concernant nos groupes d\u00e9di\u00e9s aux enfants entre 3 et 16 ans Groupe Jour et heure Lieu Moniteurs Parents Enfants d\u00e8s 3 ans Mercredi de 17h00 \u00e0 18h00 Centre sportif de Born\u00e9-Nau Amanda Cort\u00e9sacortes_4@hotmail.com078 646 32 65 Mixtes 1\u00e8re et 2\u00e8me enfantines(1P &#8211; 2P, 4 &#8211; 5 ans) Mercredi de30<\/p>\n","protected":false},"author":1,"featured_media":0,"parent":0,"menu_order":0,"comment_status":"closed","ping_status":"open","template":"page-fullwidth.php","meta":{"footnotes":""},"class_list":["post-37","page","type-page","status-publish","hentry"],"_links":{"self":[{"href":"https:\/\/gym-grandson.ch\/gymgrandson\/wp-json\/wp\/v2\/pages\/37","targetHints":{"allow":["GET"]}}],"collection":[{"href":"https:\/\/gym-grandson.ch\/gymgrandson\/wp-json\/wp\/v2\/pages"}],"about":[{"href":"https:\/\/gym-grandson.ch\/gymgrandson\/wp-json\/wp\/v2\/types\/page"}],"author":[{"embeddable":true,"href":"https:\/\/gym-grandson.ch\/gymgrandson\/wp-json\/wp\/v2\/users\/1"}],"replies":[{"embeddable":true,"href":"https:\/\/gym-grandson.ch\/gymgrandson\/wp-json\/wp\/v2\/comments?post=37"}],"version-history":[{"count":79,"href":"https:\/\/gym-grandson.ch\/gymgrandson\/wp-json\/wp\/v2\/pages\/37\/revisions"}],"predecessor-version":[{"id":3227,"href":"https:\/\/gym-grandson.ch\/gymgrandson\/wp-json\/wp\/v2\/pages\/37\/revisions\/3227"}],"wp:attachment":[{"href":"https:\/\/gym-grandson.ch\/gymgrandson\/wp-json\/wp\/v2\/media?parent=37"}],"curies":[{"name":"wp","href":"https:\/\/api.w.org\/{rel}","templated":true}]}}