{"id":438,"date":"2015-08-03T18:58:24","date_gmt":"2015-08-03T17:58:24","guid":{"rendered":"http:\/\/gym-grandson.ch\/gymgrandson\/?page_id=438"},"modified":"2015-08-05T07:43:04","modified_gmt":"2015-08-05T06:43:04","slug":"accessoires","status":"publish","type":"page","link":"https:\/\/gym-grandson.ch\/gymgrandson\/costumes\/accessoires\/","title":{"rendered":"Accessoires"},"content":{"rendered":"<table style=\"margin-left: auto; margin-right: auto; width: 80%;\" class=\"table-main\">\n<tr>\n<td>Code<\/td>\n<td>Quantit\u00e9<\/td>\n<td>Taille<\/td>\n<td>Articles<\/td>\n<td>Contr\u00f4le<\/td>\n<td>Photo<\/td>\n<\/tr>\n<tr>\n<td>01<\/td>\n<td>17<\/td>\n<td><\/td>\n<td>casquettes militaires<\/td>\n<td>42210<\/td>\n<td><a href='http:\/\/www.gym-grandson.ch\/costume\/img\/01.jpg' target='_blank'><img class='img-costume' src='http:\/\/www.gym-grandson.ch\/costume\/img\/01.jpg' \/><\/a><\/td>\n<\/tr>\n<tr>\n<td>02<\/td>\n<td>25<\/td>\n<td><\/td>\n<td>\u00e9ventail rouge<\/td>\n<td>42210<\/td>\n<td><a href='http:\/\/www.gym-grandson.ch\/costume\/img\/02.jpg' target='_blank'><img class='img-costume' src='http:\/\/www.gym-grandson.ch\/costume\/img\/02.jpg' \/><\/a><\/td>\n<\/tr>\n<tr>\n<td>03<\/td>\n<td><\/td>\n<td><\/td>\n<td>8 serres t\u00eates avec 2 boules ressorts<br \/>\n6 serres t\u00eates avec 2 cornes<\/td>\n<td>42210<\/td>\n<td><a href='http:\/\/www.gym-grandson.ch\/costume\/img\/03.jpg' target='_blank'><img class='img-costume' src='http:\/\/www.gym-grandson.ch\/costume\/img\/03.jpg' \/><\/a><\/td>\n<\/tr>\n<tr>\n<td>04<\/td>\n<td>24<\/td>\n<td><\/td>\n<td>casquettes roses fluos<\/td>\n<td>42210<\/td>\n<td><a href='http:\/\/www.gym-grandson.ch\/costume\/img\/04.jpg' target='_blank'><img class='img-costume' src='http:\/\/www.gym-grandson.ch\/costume\/img\/04.jpg' \/><\/a><\/td>\n<\/tr>\n<tr>\n<td>05<\/td>\n<td>13<\/td>\n<td><\/td>\n<td>cannes noires enfants<\/td>\n<td>42210<\/td>\n<td><a href='http:\/\/www.gym-grandson.ch\/costume\/img\/05.jpg' target='_blank'><img class='img-costume' src='http:\/\/www.gym-grandson.ch\/costume\/img\/05.jpg' \/><\/a><\/td>\n<\/tr>\n<tr>\n<td>06<\/td>\n<td>8<\/td>\n<td><\/td>\n<td>\u00e9p\u00e9es en plastic<\/td>\n<td>42210<\/td>\n<td><a href='http:\/\/www.gym-grandson.ch\/costume\/img\/06.jpg' target='_blank'><img class='img-costume' src='http:\/\/www.gym-grandson.ch\/costume\/img\/06.jpg' \/><\/a><\/td>\n<\/tr>\n<tr>\n<td>07<\/td>\n<td>11<\/td>\n<td><\/td>\n<td>\u00e9p\u00e9es en cartons<\/td>\n<td>42210<\/td>\n<td><a href='http:\/\/www.gym-grandson.ch\/costume\/img\/07.jpg' target='_blank'><img class='img-costume' src='http:\/\/www.gym-grandson.ch\/costume\/img\/07.jpg' \/><\/a><\/td>\n<\/tr>\n<tr>\n<td>08<\/td>\n<td>8<\/td>\n<td><\/td>\n<td>arcs en bois<\/td>\n<td>42210<\/td>\n<td><a href='http:\/\/www.gym-grandson.ch\/costume\/img\/08.jpg' target='_blank'><img class='img-costume' src='http:\/\/www.gym-grandson.ch\/costume\/img\/08.jpg' \/><\/a><\/td>\n<\/tr>\n<tr>\n<td>09<\/td>\n<td>15<\/td>\n<td><\/td>\n<td>sabres pirates en plastic<\/td>\n<td>42210<\/td>\n<td><a href='http:\/\/www.gym-grandson.ch\/costume\/img\/09.jpg' target='_blank'><img class='img-costume' src='http:\/\/www.gym-grandson.ch\/costume\/img\/09.jpg' \/><\/a><\/td>\n<\/tr>\n<tr>\n<td>09<\/td>\n<td>1<\/td>\n<td><\/td>\n<td>poignard en plastic + un petit sabre<\/td>\n<td>42210<\/td>\n<td><a href='http:\/\/www.gym-grandson.ch\/costume\/img\/09.jpg' target='_blank'><img class='img-costume' src='http:\/\/www.gym-grandson.ch\/costume\/img\/09.jpg' \/><\/a><\/td>\n<\/tr>\n<tr>\n<td>10<\/td>\n<td><\/td>\n<td><\/td>\n<td>6 masques loups de cochons<br \/>\n9 masques loups noirs \u00e0 plume<br \/>\n8 masque loups chats blancs<br \/>\n10 masques loups blancs unis<br \/>\n7 masques loups blancs en feutre<br \/>\n9 masques unis blancs<br \/>\n16 masque t\u00eate de mort<\/td>\n<td>42210<\/td>\n<td><a href='http:\/\/www.gym-grandson.ch\/costume\/img\/10.jpg' target='_blank'><img class='img-costume' src='http:\/\/www.gym-grandson.ch\/costume\/img\/10.jpg' \/><\/a><\/td>\n<\/tr>\n<tr>\n<td>11<\/td>\n<td>4<\/td>\n<td><\/td>\n<td>coiffes indiens avec plumes<br \/>\nbandeaux indiens avec plumes<\/td>\n<td>42210<\/td>\n<td><a href='http:\/\/www.gym-grandson.ch\/costume\/img\/11.jpg' target='_blank'><img class='img-costume' src='http:\/\/www.gym-grandson.ch\/costume\/img\/11.jpg' \/><\/a><\/td>\n<\/tr>\n<tr>\n<td>12<\/td>\n<td>1<\/td>\n<td><\/td>\n<td>main crochet en plastic<\/td>\n<td>42210<\/td>\n<td><a href='http:\/\/www.gym-grandson.ch\/costume\/img\/12.jpg' target='_blank'><img class='img-costume' src='http:\/\/www.gym-grandson.ch\/costume\/img\/12.jpg' \/><\/a><\/td>\n<\/tr>\n<tr>\n<td>13<\/td>\n<td>6<\/td>\n<td><\/td>\n<td>bandeaux charleston avec 1 plume<\/td>\n<td>42210<\/td>\n<td><a href='http:\/\/www.gym-grandson.ch\/costume\/img\/13.jpg' target='_blank'><img class='img-costume' src='http:\/\/www.gym-grandson.ch\/costume\/img\/13.jpg' \/><\/a><\/td>\n<\/tr>\n<tr>\n<td>14<\/td>\n<td>2<\/td>\n<td><\/td>\n<td>statuette en bois incas<\/td>\n<td>42210<\/td>\n<td><a href='http:\/\/www.gym-grandson.ch\/costume\/img\/14.jpg' target='_blank'><img class='img-costume' src='http:\/\/www.gym-grandson.ch\/costume\/img\/14.jpg' \/><\/a><\/td>\n<\/tr>\n<tr>\n<td>15<\/td>\n<td>2<\/td>\n<td><\/td>\n<td>perruques noires fris\u00e9es <\/td>\n<td>42210<\/td>\n<td><a href='http:\/\/www.gym-grandson.ch\/costume\/img\/15.jpg' target='_blank'><img class='img-costume' src='http:\/\/www.gym-grandson.ch\/costume\/img\/15.jpg' \/><\/a><\/td>\n<\/tr>\n<tr>\n<td>16<\/td>\n<td>5<\/td>\n<td><\/td>\n<td>perruques roses cheveux raides mi-longues<\/td>\n<td>42210<\/td>\n<td><a href='http:\/\/www.gym-grandson.ch\/costume\/img\/16.jpg' target='_blank'><img class='img-costume' src='http:\/\/www.gym-grandson.ch\/costume\/img\/16.jpg' \/><\/a><\/td>\n<\/tr>\n<tr>\n<td>18<\/td>\n<td>25<\/td>\n<td><\/td>\n<td>drapeaux am\u00e9ricains petits<\/td>\n<td>42210<\/td>\n<td><a href='http:\/\/www.gym-grandson.ch\/costume\/img\/18.jpg' target='_blank'><img class='img-costume' src='http:\/\/www.gym-grandson.ch\/costume\/img\/18.jpg' \/><\/a><\/td>\n<\/tr>\n<tr>\n<td>19<\/td>\n<td>6<\/td>\n<td><\/td>\n<td>perruques rouges cheveux raides longs<\/td>\n<td>42210<\/td>\n<td><a href='http:\/\/www.gym-grandson.ch\/costume\/img\/19.jpg' target='_blank'><img class='img-costume' src='http:\/\/www.gym-grandson.ch\/costume\/img\/19.jpg' \/><\/a><\/td>\n<\/tr>\n<tr>\n<td>20<\/td>\n<td>13<\/td>\n<td><\/td>\n<td>perruques blanches cheveux raides mi-longs<\/td>\n<td>42210<\/td>\n<td><a href='http:\/\/www.gym-grandson.ch\/costume\/img\/20.jpg' target='_blank'><img class='img-costume' src='http:\/\/www.gym-grandson.ch\/costume\/img\/20.jpg' \/><\/a><\/td>\n<\/tr>\n<tr>\n<td>21<\/td>\n<td><\/td>\n<td><\/td>\n<td>3 drapeaux am\u00e9ricains grands<br \/>\n2 chaines drapeaux am\u00e9ricains<\/td>\n<td>42210<\/td>\n<td><a href='http:\/\/www.gym-grandson.ch\/costume\/img\/21.jpg' target='_blank'><img class='img-costume' src='http:\/\/www.gym-grandson.ch\/costume\/img\/21.jpg' \/><\/a><\/td>\n<\/tr>\n<tr>\n<td>22<\/td>\n<td>7<\/td>\n<td><\/td>\n<td>perruques 2 x brunes et 2 x noir cheveux longs fris\u00e9s<\/td>\n<td>42210<\/td>\n<td><a href='http:\/\/www.gym-grandson.ch\/costume\/img\/22.jpg' target='_blank'><img class='img-costume' src='http:\/\/www.gym-grandson.ch\/costume\/img\/22.jpg' \/><\/a><\/td>\n<\/tr>\n<tr>\n<td>23<\/td>\n<td>6<\/td>\n<td><\/td>\n<td>brosses \u00e0 vaisselle<\/td>\n<td>42210<\/td>\n<td><a href='http:\/\/www.gym-grandson.ch\/costume\/img\/23.jpg' target='_blank'><img class='img-costume' src='http:\/\/www.gym-grandson.ch\/costume\/img\/23.jpg' \/><\/a><\/td>\n<\/tr>\n<tr>\n<td>24<\/td>\n<td>16<\/td>\n<td><\/td>\n<td>pompoms rouges grands formats<\/td>\n<td>42210<\/td>\n<td><a href='http:\/\/www.gym-grandson.ch\/costume\/img\/24.jpg' target='_blank'><img class='img-costume' src='http:\/\/www.gym-grandson.ch\/costume\/img\/24.jpg' \/><\/a><\/td>\n<\/tr>\n<tr>\n<td>25<\/td>\n<td>14<\/td>\n<td><\/td>\n<td>baguettes de f\u00e9e violettes<\/td>\n<td>42210<\/td>\n<td><a href='http:\/\/www.gym-grandson.ch\/costume\/img\/25.jpg' target='_blank'><img class='img-costume' src='http:\/\/www.gym-grandson.ch\/costume\/img\/25.jpg' \/><\/a><\/td>\n<\/tr>\n<tr>\n<td>26<\/td>\n<td>30<\/td>\n<td><\/td>\n<td>nez de clown rouge<\/td>\n<td>42210<\/td>\n<td><a href='http:\/\/www.gym-grandson.ch\/costume\/img\/26.jpg' target='_blank'><img class='img-costume' src='http:\/\/www.gym-grandson.ch\/costume\/img\/26.jpg' \/><\/a><\/td>\n<\/tr>\n<tr>\n<td>27<\/td>\n<td>6<\/td>\n<td><\/td>\n<td>bandanas uni vert<\/td>\n<td>42210<\/td>\n<td><a href='http:\/\/www.gym-grandson.ch\/costume\/img\/27.jpg' target='_blank'><img class='img-costume' src='http:\/\/www.gym-grandson.ch\/costume\/img\/27.jpg' \/><\/a><\/td>\n<\/tr>\n<tr>\n<td>28<\/td>\n<td>8<\/td>\n<td><\/td>\n<td>pistolets en plastics<\/td>\n<td>42210<\/td>\n<td><a href='http:\/\/www.gym-grandson.ch\/costume\/img\/28.jpg' target='_blank'><img class='img-costume' src='http:\/\/www.gym-grandson.ch\/costume\/img\/28.jpg' \/><\/a><\/td>\n<\/tr>\n<tr>\n<td>29<\/td>\n<td><\/td>\n<td><\/td>\n<td>12 n\u0153uds papillons noirs en tissu<br \/>\n12 n\u0153uds papillons noirs en carton<\/td>\n<td>42210<\/td>\n<td><a href='http:\/\/www.gym-grandson.ch\/costume\/img\/29.jpg' target='_blank'><img class='img-costume' src='http:\/\/www.gym-grandson.ch\/costume\/img\/29.jpg' \/><\/a><\/td>\n<\/tr>\n<tr>\n<td>30<\/td>\n<td>20<\/td>\n<td><\/td>\n<td>fleurs orchid\u00e9es en tissu pour cheveux<\/td>\n<td>42210<\/td>\n<td><a href='http:\/\/www.gym-grandson.ch\/costume\/img\/30.jpg' target='_blank'><img class='img-costume' src='http:\/\/www.gym-grandson.ch\/costume\/img\/30.jpg' \/><\/a><\/td>\n<\/tr>\n<tr>\n<td>31<\/td>\n<td>20<\/td>\n<td><\/td>\n<td>Divers colliers et bravelets Hawaiens<\/td>\n<td>42210<\/td>\n<td><a href='http:\/\/www.gym-grandson.ch\/costume\/img\/31.jpg' target='_blank'><img class='img-costume' src='http:\/\/www.gym-grandson.ch\/costume\/img\/31.jpg' \/><\/a><\/td>\n<\/tr>\n<tr>\n<td>32<\/td>\n<td>10<\/td>\n<td><\/td>\n<td>foulards rouges fins grands<\/td>\n<td>42210<\/td>\n<td><a href='http:\/\/www.gym-grandson.ch\/costume\/img\/32.jpg' target='_blank'><img class='img-costume' src='http:\/\/www.gym-grandson.ch\/costume\/img\/32.jpg' \/><\/a><\/td>\n<\/tr>\n<tr>\n<td><\/td>\n<td>18<\/td>\n<td><\/td>\n<td>foulards jaunes \u00e0 fixer aux poignets<\/td>\n<td>42210<\/td>\n<td><a href='http:\/\/www.gym-grandson.ch\/costume\/img\/.jpg' target='_blank'><img class='img-costume' src='http:\/\/www.gym-grandson.ch\/costume\/img\/.jpg' \/><\/a><\/td>\n<\/tr>\n<tr>\n<td>33<\/td>\n<td>23<\/td>\n<td><\/td>\n<td>Chapeau du fou du Roi avec grelots<\/td>\n<td>42210<\/td>\n<td><a href='http:\/\/www.gym-grandson.ch\/costume\/img\/33.jpg' target='_blank'><img class='img-costume' src='http:\/\/www.gym-grandson.ch\/costume\/img\/33.jpg' \/><\/a><\/td>\n<\/tr>\n<tr>\n<td>34<\/td>\n<td><\/td>\n<td><\/td>\n<td>10 foulards par\u00e9os or<br \/>\n10 bandeaux or pour la t\u00eate<\/td>\n<td>42210<\/td>\n<td><a href='http:\/\/www.gym-grandson.ch\/costume\/img\/34.jpg' target='_blank'><img class='img-costume' src='http:\/\/www.gym-grandson.ch\/costume\/img\/34.jpg' \/><\/a><\/td>\n<\/tr>\n<tr>\n<td>35<\/td>\n<td>10<\/td>\n<td><\/td>\n<td>casquettes rouges Mario<\/td>\n<td>42210<\/td>\n<td><a href='http:\/\/www.gym-grandson.ch\/costume\/img\/35.jpg' target='_blank'><img class='img-costume' src='http:\/\/www.gym-grandson.ch\/costume\/img\/35.jpg' \/><\/a><\/td>\n<\/tr>\n<tr>\n<td>36<\/td>\n<td>5<\/td>\n<td><\/td>\n<td>boas  3x bleu 1x vert 1x noir<\/td>\n<td>42210<\/td>\n<td><a href='http:\/\/www.gym-grandson.ch\/costume\/img\/36.jpg' target='_blank'><img class='img-costume' src='http:\/\/www.gym-grandson.ch\/costume\/img\/36.jpg' \/><\/a><\/td>\n<\/tr>\n<tr>\n<td>37<\/td>\n<td>12<\/td>\n<td><\/td>\n<td>Par\u00e9o bleu 1.5m x 1m<\/td>\n<td>42210<\/td>\n<td><a href='http:\/\/www.gym-grandson.ch\/costume\/img\/37.jpg' target='_blank'><img class='img-costume' src='http:\/\/www.gym-grandson.ch\/costume\/img\/37.jpg' \/><\/a><\/td>\n<\/tr>\n<tr>\n<td>38<\/td>\n<td>3<\/td>\n<td><\/td>\n<td>cravates vertes fluo<\/td>\n<td>42210<\/td>\n<td><a href='http:\/\/www.gym-grandson.ch\/costume\/img\/38.jpg' target='_blank'><img class='img-costume' src='http:\/\/www.gym-grandson.ch\/costume\/img\/38.jpg' \/><\/a><\/td>\n<\/tr>\n<tr>\n<td>39<\/td>\n<td>9<\/td>\n<td><\/td>\n<td>Gu\u00eatres noir<\/td>\n<td>42210<\/td>\n<td><a href='http:\/\/www.gym-grandson.ch\/costume\/img\/39.jpg' target='_blank'><img class='img-costume' src='http:\/\/www.gym-grandson.ch\/costume\/img\/39.jpg' \/><\/a><\/td>\n<\/tr>\n<tr>\n<td>40<\/td>\n<td>24<\/td>\n<td><\/td>\n<td>serres t\u00eates avec oreilles roses<\/td>\n<td>42210<\/td>\n<td><a href='http:\/\/www.gym-grandson.ch\/costume\/img\/40.jpg' target='_blank'><img class='img-costume' src='http:\/\/www.gym-grandson.ch\/costume\/img\/40.jpg' \/><\/a><\/td>\n<\/tr>\n<tr>\n<td>41<\/td>\n<td>1<\/td>\n<td><\/td>\n<td>crocodile gonflable<\/td>\n<td>42210<\/td>\n<td><a href='http:\/\/www.gym-grandson.ch\/costume\/img\/41.jpg' target='_blank'><img class='img-costume' src='http:\/\/www.gym-grandson.ch\/costume\/img\/41.jpg' \/><\/a><\/td>\n<\/tr>\n<tr>\n<td>42<\/td>\n<td>2<\/td>\n<td><\/td>\n<td>cravatte rouge<\/td>\n<td>42210<\/td>\n<td><a href='http:\/\/www.gym-grandson.ch\/costume\/img\/42.jpg' target='_blank'><img class='img-costume' src='http:\/\/www.gym-grandson.ch\/costume\/img\/42.jpg' \/><\/a><\/td>\n<\/tr>\n<tr>\n<td>43<\/td>\n<td>1<\/td>\n<td><\/td>\n<td>d\u00e9guisement de singe<\/td>\n<td>42210<\/td>\n<td><a href='http:\/\/www.gym-grandson.ch\/costume\/img\/43.jpg' target='_blank'><img class='img-costume' src='http:\/\/www.gym-grandson.ch\/costume\/img\/43.jpg' \/><\/a><\/td>\n<\/tr>\n<tr>\n<td>47<\/td>\n<td>2<\/td>\n<td><\/td>\n<td>Chapeau de pirate<\/td>\n<td>42210<\/td>\n<td><a href='http:\/\/www.gym-grandson.ch\/costume\/img\/47.jpg' target='_blank'><img class='img-costume' src='http:\/\/www.gym-grandson.ch\/costume\/img\/47.jpg' \/><\/a><\/td>\n<\/tr>\n<tr>\n<td>48<\/td>\n<td>18<\/td>\n<td><\/td>\n<td>couronnes de reines<\/td>\n<td>42210<\/td>\n<td><a href='http:\/\/www.gym-grandson.ch\/costume\/img\/48.jpg' target='_blank'><img class='img-costume' src='http:\/\/www.gym-grandson.ch\/costume\/img\/48.jpg' \/><\/a><\/td>\n<\/tr>\n<tr>\n<td>50<\/td>\n<td><\/td>\n<td><\/td>\n<td>12 paires de gants noirs<br \/>\n12 paires de gants blancs<\/td>\n<td>42210<\/td>\n<td><a href='http:\/\/www.gym-grandson.ch\/costume\/img\/50.jpg' target='_blank'><img class='img-costume' src='http:\/\/www.gym-grandson.ch\/costume\/img\/50.jpg' \/><\/a><\/td>\n<\/tr>\n<tr>\n<td>52<\/td>\n<td>18<\/td>\n<td><\/td>\n<td>masques v\u00e9nitiens<\/td>\n<td>42210<\/td>\n<td><a href='http:\/\/www.gym-grandson.ch\/costume\/img\/52.jpg' target='_blank'><img class='img-costume' src='http:\/\/www.gym-grandson.ch\/costume\/img\/52.jpg' \/><\/a><\/td>\n<\/tr>\n<tr>\n<td>53<\/td>\n<td>10 paires<\/td>\n<td><\/td>\n<td>gants longs sans doigts<\/td>\n<td>42210<\/td>\n<td><a href='http:\/\/www.gym-grandson.ch\/costume\/img\/53.jpg' target='_blank'><img class='img-costume' src='http:\/\/www.gym-grandson.ch\/costume\/img\/53.jpg' \/><\/a><\/td>\n<\/tr>\n<tr>\n<td>54<\/td>\n<td>10 paires<\/td>\n<td><\/td>\n<td>gu\u00eatres rouges<\/td>\n<td>42210<\/td>\n<td><a href='http:\/\/www.gym-grandson.ch\/costume\/img\/54.jpg' target='_blank'><img class='img-costume' src='http:\/\/www.gym-grandson.ch\/costume\/img\/54.jpg' \/><\/a><\/td>\n<\/tr>\n<tr>\n<td>55<\/td>\n<td>4 paires<\/td>\n<td><\/td>\n<td>4 paires de gu\u00eatres noires et blanches<br \/>\n2 paires de gu\u00eatres rouges et noires<br \/>\n4 paires de gu\u00eatres blanches<br \/>\n6 paires de gu\u00eatres noires <\/td>\n<td>42210<\/td>\n<td><a href='http:\/\/www.gym-grandson.ch\/costume\/img\/55.jpg' target='_blank'><img class='img-costume' src='http:\/\/www.gym-grandson.ch\/costume\/img\/55.jpg' \/><\/a><\/td>\n<\/tr>\n<tr>\n<td>57<\/td>\n<td>12<\/td>\n<td><\/td>\n<td>12 berrets de matelots<br \/>\n3 casquettes de capitaine<br \/>\n13 gilets de matelots bleus<\/td>\n<td>42210<\/td>\n<td><a href='http:\/\/www.gym-grandson.ch\/costume\/img\/57.jpg' target='_blank'><img class='img-costume' src='http:\/\/www.gym-grandson.ch\/costume\/img\/57.jpg' \/><\/a><\/td>\n<\/tr>\n<tr>\n<td>44<\/td>\n<td>2<\/td>\n<td><\/td>\n<td>2 masques d&rsquo;hippopotames<br \/>\n3 masques de tigres<br \/>\n3 masques de z\u00e8bres<br \/>\n2 masques de girafes<br \/>\n2 masques de lions<br \/>\n2 masques \u00e9l\u00e9phants<\/td>\n<td>42210<\/td>\n<td><a href='http:\/\/www.gym-grandson.ch\/costume\/img\/44.jpg' target='_blank'><img class='img-costume' src='http:\/\/www.gym-grandson.ch\/costume\/img\/44.jpg' \/><\/a><\/td>\n<\/tr>\n<tr>\n<td>88<\/td>\n<td>3<\/td>\n<td><\/td>\n<td>ceintures rouge\/verte\/orange<\/td>\n<td>42210<\/td>\n<td><a href='http:\/\/www.gym-grandson.ch\/costume\/img\/88.jpg' target='_blank'><img class='img-costume' src='http:\/\/www.gym-grandson.ch\/costume\/img\/88.jpg' \/><\/a><\/td>\n<\/tr>\n<tr>\n<td>62<\/td>\n<td>9<\/td>\n<td><\/td>\n<td>9 foulards bleus clairs avec \u00e9lastiques pour tenir<br \/>\n9 foulards bleus turquoise<\/td>\n<td>42210<\/td>\n<td><a href='http:\/\/www.gym-grandson.ch\/costume\/img\/62.jpg' target='_blank'><img class='img-costume' src='http:\/\/www.gym-grandson.ch\/costume\/img\/62.jpg' \/><\/a><\/td>\n<\/tr>\n<tr>\n<td>63<\/td>\n<td>15<\/td>\n<td><\/td>\n<td>15 ceintures rouges pour adultes<br \/>\n15 ceintures rouges pour enfants<\/td>\n<td>42210<\/td>\n<td><a href='http:\/\/www.gym-grandson.ch\/costume\/img\/63.jpg' target='_blank'><img class='img-costume' src='http:\/\/www.gym-grandson.ch\/costume\/img\/63.jpg' \/><\/a><\/td>\n<\/tr>\n<tr>\n<td>64<\/td>\n<td>16<\/td>\n<td><\/td>\n<td>drapeaux suisses<\/td>\n<td>42210<\/td>\n<td><a href='http:\/\/www.gym-grandson.ch\/costume\/img\/64.jpg' target='_blank'><img class='img-costume' src='http:\/\/www.gym-grandson.ch\/costume\/img\/64.jpg' \/><\/a><\/td>\n<\/tr>\n<tr>\n<td>65<\/td>\n<td>15<\/td>\n<td><\/td>\n<td>tiges en bois pour lampions<\/td>\n<td>42210<\/td>\n<td><a href='http:\/\/www.gym-grandson.ch\/costume\/img\/65.jpg' target='_blank'><img class='img-costume' src='http:\/\/www.gym-grandson.ch\/costume\/img\/65.jpg' \/><\/a><\/td>\n<\/tr>\n<tr>\n<td>66<\/td>\n<td>11<\/td>\n<td><\/td>\n<td>chapeaux rouges chinois en cartons<\/td>\n<td>42210<\/td>\n<td><a href='http:\/\/www.gym-grandson.ch\/costume\/img\/66.jpg' target='_blank'><img class='img-costume' src='http:\/\/www.gym-grandson.ch\/costume\/img\/66.jpg' \/><\/a><\/td>\n<\/tr>\n<tr>\n<td>67<\/td>\n<td>16<\/td>\n<td><\/td>\n<td>rubans GRS bleus<\/td>\n<td>42210<\/td>\n<td><a href='http:\/\/www.gym-grandson.ch\/costume\/img\/67.jpg' target='_blank'><img class='img-costume' src='http:\/\/www.gym-grandson.ch\/costume\/img\/67.jpg' \/><\/a><\/td>\n<\/tr>\n<tr>\n<td>68<\/td>\n<td>31<\/td>\n<td><\/td>\n<td>foulards jaunes avec \u00e9lastique pour tenir<\/td>\n<td>42210<\/td>\n<td><a href='http:\/\/www.gym-grandson.ch\/costume\/img\/68.jpg' target='_blank'><img class='img-costume' src='http:\/\/www.gym-grandson.ch\/costume\/img\/68.jpg' \/><\/a><\/td>\n<\/tr>\n<tr>\n<td>69<\/td>\n<td>6<\/td>\n<td><\/td>\n<td>Divers perruques argent\u00e9es<\/td>\n<td>42210<\/td>\n<td><a href='http:\/\/www.gym-grandson.ch\/costume\/img\/69.jpg' target='_blank'><img class='img-costume' src='http:\/\/www.gym-grandson.ch\/costume\/img\/69.jpg' \/><\/a><\/td>\n<\/tr>\n<tr>\n<td>70<\/td>\n<td>26<\/td>\n<td><\/td>\n<td>Drapeau am\u00e9ricain<\/td>\n<td>42210<\/td>\n<td><a href='http:\/\/www.gym-grandson.ch\/costume\/img\/70.jpg' target='_blank'><img class='img-costume' src='http:\/\/www.gym-grandson.ch\/costume\/img\/70.jpg' \/><\/a><\/td>\n<\/tr>\n<tr>\n<td>71<\/td>\n<td>1<\/td>\n<td><\/td>\n<td>Aile rouge de d\u00e9mon<\/td>\n<td>42210<\/td>\n<td><a href='http:\/\/www.gym-grandson.ch\/costume\/img\/71.jpg' target='_blank'><img class='img-costume' src='http:\/\/www.gym-grandson.ch\/costume\/img\/71.jpg' \/><\/a><\/td>\n<\/tr>\n<tr>\n<td>72<\/td>\n<td>1<\/td>\n<td><\/td>\n<td>Deux grandes fourches + une petite fourche<\/td>\n<td>42210<\/td>\n<td><a href='http:\/\/www.gym-grandson.ch\/costume\/img\/72.jpg' target='_blank'><img class='img-costume' src='http:\/\/www.gym-grandson.ch\/costume\/img\/72.jpg' \/><\/a><\/td>\n<\/tr>\n<tr>\n<td>73<\/td>\n<td>5<\/td>\n<td><\/td>\n<td>Lunettes \u00e0 soleil jaune<\/td>\n<td>42210<\/td>\n<td><a href='http:\/\/www.gym-grandson.ch\/costume\/img\/73.jpg' target='_blank'><img class='img-costume' src='http:\/\/www.gym-grandson.ch\/costume\/img\/73.jpg' \/><\/a><\/td>\n<\/tr>\n<tr>\n<td>74<\/td>\n<td>3<\/td>\n<td><\/td>\n<td>Grosses lunettes jaune et rouge<\/td>\n<td>42210<\/td>\n<td><a href='http:\/\/www.gym-grandson.ch\/costume\/img\/74.jpg' target='_blank'><img class='img-costume' src='http:\/\/www.gym-grandson.ch\/costume\/img\/74.jpg' \/><\/a><\/td>\n<\/tr>\n<tr>\n<td>75<\/td>\n<td>20 paires<\/td>\n<td><\/td>\n<td>chaussons de bouffons<\/td>\n<td>42210<\/td>\n<td><a href='http:\/\/www.gym-grandson.ch\/costume\/img\/75.jpg' target='_blank'><img class='img-costume' src='http:\/\/www.gym-grandson.ch\/costume\/img\/75.jpg' \/><\/a><\/td>\n<\/tr>\n<tr>\n<td>76<\/td>\n<td>23<\/td>\n<td>Enfant<\/td>\n<td>Jupe bleu<\/td>\n<td>42210<\/td>\n<td><a href='http:\/\/www.gym-grandson.ch\/costume\/img\/76.jpg' target='_blank'><img class='img-costume' src='http:\/\/www.gym-grandson.ch\/costume\/img\/76.jpg' \/><\/a><\/td>\n<\/tr>\n<tr>\n<td>77<\/td>\n<td>19<\/td>\n<td><\/td>\n<td>Eventails chinois (dont 1 rouge)<\/td>\n<td>42210<\/td>\n<td><a href='http:\/\/www.gym-grandson.ch\/costume\/img\/77.jpg' target='_blank'><img class='img-costume' src='http:\/\/www.gym-grandson.ch\/costume\/img\/77.jpg' \/><\/a><\/td>\n<\/tr>\n<tr>\n<td>78<\/td>\n<td>4<\/td>\n<td><\/td>\n<td>parapluie blanc<\/td>\n<td>42210<\/td>\n<td><a href='http:\/\/www.gym-grandson.ch\/costume\/img\/78.jpg' target='_blank'><img class='img-costume' src='http:\/\/www.gym-grandson.ch\/costume\/img\/78.jpg' \/><\/a><\/td>\n<\/tr>\n<tr>\n<td>79<\/td>\n<td>15<\/td>\n<td><\/td>\n<td>parapluie arc-en-ciel<\/td>\n<td>42210<\/td>\n<td><a href='http:\/\/www.gym-grandson.ch\/costume\/img\/79.jpg' target='_blank'><img class='img-costume' src='http:\/\/www.gym-grandson.ch\/costume\/img\/79.jpg' \/><\/a><\/td>\n<\/tr>\n<tr>\n<td>80<\/td>\n<td>18<\/td>\n<td><\/td>\n<td>Cagoules noirs<\/td>\n<td>42210<\/td>\n<td><a href='http:\/\/www.gym-grandson.ch\/costume\/img\/80.jpg' target='_blank'><img class='img-costume' src='http:\/\/www.gym-grandson.ch\/costume\/img\/80.jpg' \/><\/a><\/td>\n<\/tr>\n<tr>\n<td>81<\/td>\n<td>3<\/td>\n<td><\/td>\n<td>Masques blanc anonymus<\/td>\n<td>42210<\/td>\n<td><a href='http:\/\/www.gym-grandson.ch\/costume\/img\/81.jpg' target='_blank'><img class='img-costume' src='http:\/\/www.gym-grandson.ch\/costume\/img\/81.jpg' \/><\/a><\/td>\n<\/tr>\n<tr>\n<td>82<\/td>\n<td>13<\/td>\n<td><\/td>\n<td>cache-oeil pirate<\/td>\n<td>42210<\/td>\n<td><a href='http:\/\/www.gym-grandson.ch\/costume\/img\/82.jpg' target='_blank'><img class='img-costume' src='http:\/\/www.gym-grandson.ch\/costume\/img\/82.jpg' \/><\/a><\/td>\n<\/tr>\n<tr>\n<td>83<\/td>\n<td>10<\/td>\n<td><\/td>\n<td>gants avec plume divers couleurs<\/td>\n<td>42210<\/td>\n<td><a href='http:\/\/www.gym-grandson.ch\/costume\/img\/83.jpg' target='_blank'><img class='img-costume' src='http:\/\/www.gym-grandson.ch\/costume\/img\/83.jpg' \/><\/a><\/td>\n<\/tr>\n<tr>\n<td>84<\/td>\n<td>10<\/td>\n<td><\/td>\n<td>10 pompons rouges brillants fin<br \/>\n11 pompons bleus brillants<br \/>\n30 pompons rouges mates<br \/>\n20 pompons rouges brillants larges<br \/>\n1 pompons mixtes<\/td>\n<td>42210<\/td>\n<td><a href='http:\/\/www.gym-grandson.ch\/costume\/img\/84.jpg' target='_blank'><img class='img-costume' src='http:\/\/www.gym-grandson.ch\/costume\/img\/84.jpg' \/><\/a><\/td>\n<\/tr>\n<tr>\n<td>85<\/td>\n<td>1<\/td>\n<td><\/td>\n<td>bou\u00e9e canard<\/td>\n<td>42210<\/td>\n<td><a href='http:\/\/www.gym-grandson.ch\/costume\/img\/85.jpg' target='_blank'><img class='img-costume' src='http:\/\/www.gym-grandson.ch\/costume\/img\/85.jpg' \/><\/a><\/td>\n<\/tr>\n<tr>\n<td>86<\/td>\n<td>1<\/td>\n<td><\/td>\n<td>coffre pirate gonflable<\/td>\n<td>42210<\/td>\n<td><a href='http:\/\/www.gym-grandson.ch\/costume\/img\/86.jpg' target='_blank'><img class='img-costume' src='http:\/\/www.gym-grandson.ch\/costume\/img\/86.jpg' \/><\/a><\/td>\n<\/tr>\n<tr>\n<td>87<\/td>\n<td>20<\/td>\n<td><\/td>\n<td>bouts de voiles blancs<\/td>\n<td>42210<\/td>\n<td><a href='http:\/\/www.gym-grandson.ch\/costume\/img\/87.jpg' target='_blank'><img class='img-costume' src='http:\/\/www.gym-grandson.ch\/costume\/img\/87.jpg' \/><\/a><\/td>\n<\/tr>\n<\/table>\n","protected":false},"excerpt":{"rendered":"<p>Code Quantit\u00e9 Taille Articles Contr\u00f4le Photo 01 17 casquettes militaires 42210 02 25 \u00e9ventail rouge 42210 03 8 serres t\u00eates avec 2 boules ressorts 6 serres t\u00eates avec 2 cornes 42210 04 24 casquettes roses fluos 42210 05 13 cannes noires enfants 42210 06 8 \u00e9p\u00e9es en plastic 42210 07 11 \u00e9p\u00e9es en cartons 4221030<\/p>\n","protected":false},"author":1,"featured_media":0,"parent":436,"menu_order":0,"comment_status":"closed","ping_status":"closed","template":"page-fullwidth.php","meta":{"footnotes":""},"class_list":["post-438","page","type-page","status-publish","hentry"],"_links":{"self":[{"href":"https:\/\/gym-grandson.ch\/gymgrandson\/wp-json\/wp\/v2\/pages\/438","targetHints":{"allow":["GET"]}}],"collection":[{"href":"https:\/\/gym-grandson.ch\/gymgrandson\/wp-json\/wp\/v2\/pages"}],"about":[{"href":"https:\/\/gym-grandson.ch\/gymgrandson\/wp-json\/wp\/v2\/types\/page"}],"author":[{"embeddable":true,"href":"https:\/\/gym-grandson.ch\/gymgrandson\/wp-json\/wp\/v2\/users\/1"}],"replies":[{"embeddable":true,"href":"https:\/\/gym-grandson.ch\/gymgrandson\/wp-json\/wp\/v2\/comments?post=438"}],"version-history":[{"count":9,"href":"https:\/\/gym-grandson.ch\/gymgrandson\/wp-json\/wp\/v2\/pages\/438\/revisions"}],"predecessor-version":[{"id":491,"href":"https:\/\/gym-grandson.ch\/gymgrandson\/wp-json\/wp\/v2\/pages\/438\/revisions\/491"}],"up":[{"embeddable":true,"href":"https:\/\/gym-grandson.ch\/gymgrandson\/wp-json\/wp\/v2\/pages\/436"}],"wp:attachment":[{"href":"https:\/\/gym-grandson.ch\/gymgrandson\/wp-json\/wp\/v2\/media?parent=438"}],"curies":[{"name":"wp","href":"https:\/\/api.w.org\/{rel}","templated":true}]}}