{"id":492,"date":"2015-08-05T09:58:52","date_gmt":"2015-08-05T08:58:52","guid":{"rendered":"http:\/\/gym-grandson.ch\/gymgrandson\/?page_id=492"},"modified":"2015-08-05T10:57:43","modified_gmt":"2015-08-05T09:57:43","slug":"adulte","status":"publish","type":"page","link":"https:\/\/gym-grandson.ch\/gymgrandson\/costumes\/adulte\/","title":{"rendered":"Adulte"},"content":{"rendered":"<table style=\"margin-left: auto; margin-right: auto; width: 80%;\" class=\"table-main\">\n<tr>\n<td>Code<\/td>\n<td>Quantit\u00e9<\/td>\n<td>Taille<\/td>\n<td>Articles<\/td>\n<td>Contr\u00f4le<\/td>\n<td>Photo<\/td>\n<\/tr>\n<tr>\n<td>101<\/td>\n<td><\/td>\n<td>48<br \/>\n\u00e9lastique<\/td>\n<td>2 t-shirt arm\u00e9e<br \/>\n3 mini-jupe arm\u00e9e<\/td>\n<td>42212<\/td>\n<td><a href='http:\/\/www.gym-grandson.ch\/costume\/img\/101.jpg' target='_blank'><img class='img-costume' src='http:\/\/www.gym-grandson.ch\/costume\/img\/101.jpg' \/><\/a><\/td>\n<\/tr>\n<tr>\n<td>102<\/td>\n<td><\/td>\n<td><\/td>\n<td>4 polo s\/manche noir col blanc S<br \/>\n3 polo s\/manche noir col blanc M<br \/>\n1 polo s\/manche noir col blanc L<br \/>\n2 polo s\/manche noir col blanc XL<\/td>\n<td>42212<\/td>\n<td><a href='http:\/\/www.gym-grandson.ch\/costume\/img\/102.jpg' target='_blank'><img class='img-costume' src='http:\/\/www.gym-grandson.ch\/costume\/img\/102.jpg' \/><\/a><\/td>\n<\/tr>\n<tr>\n<td>103<\/td>\n<td><\/td>\n<td><\/td>\n<td>3 t-shirt noir uni S<br \/>\n4 t-shirt noir uni M<br \/>\n2 t-shirt noir uni L<br \/>\n3 t-shirt blanc uni S<br \/>\n3 t-shirt blanc uni M<br \/>\n1 t-shirt blanc uni XL<\/td>\n<td>42212<\/td>\n<td><a href='http:\/\/www.gym-grandson.ch\/costume\/img\/103.jpg' target='_blank'><img class='img-costume' src='http:\/\/www.gym-grandson.ch\/costume\/img\/103.jpg' \/><\/a><\/td>\n<\/tr>\n<tr>\n<td>104<\/td>\n<td>5<\/td>\n<td>\u00e9lastique<\/td>\n<td>pantalon militaire<\/td>\n<td>42212<\/td>\n<td><a href='http:\/\/www.gym-grandson.ch\/costume\/img\/104.jpg' target='_blank'><img class='img-costume' src='http:\/\/www.gym-grandson.ch\/costume\/img\/104.jpg' \/><\/a><\/td>\n<\/tr>\n<tr>\n<td>105<\/td>\n<td>11<\/td>\n<td>S<\/td>\n<td>pull blanc\/rouge ray\u00e9<\/td>\n<td>42212<\/td>\n<td><a href='http:\/\/www.gym-grandson.ch\/costume\/img\/105.jpg' target='_blank'><img class='img-costume' src='http:\/\/www.gym-grandson.ch\/costume\/img\/105.jpg' \/><\/a><\/td>\n<\/tr>\n<tr>\n<td>107<\/td>\n<td>15<\/td>\n<td>\u00e9lastique<\/td>\n<td>mini-jupe m\u00e8re no\u00ebl en feutre<\/td>\n<td>42212<\/td>\n<td><a href='http:\/\/www.gym-grandson.ch\/costume\/img\/107.jpg' target='_blank'><img class='img-costume' src='http:\/\/www.gym-grandson.ch\/costume\/img\/107.jpg' \/><\/a><\/td>\n<\/tr>\n<tr>\n<td>106<\/td>\n<td>20<\/td>\n<td><\/td>\n<td>bonnet de no\u00ebl en feutre<\/td>\n<td>42212<\/td>\n<td><a href='http:\/\/www.gym-grandson.ch\/costume\/img\/106.jpg' target='_blank'><img class='img-costume' src='http:\/\/www.gym-grandson.ch\/costume\/img\/106.jpg' \/><\/a><\/td>\n<\/tr>\n<tr>\n<td>108<\/td>\n<td><\/td>\n<td><\/td>\n<td>5 corsaire large 36<br \/>\n2 corsaire large 38<br \/>\n1 corsaire large 40<\/td>\n<td>42212<\/td>\n<td><a href='http:\/\/www.gym-grandson.ch\/costume\/img\/108.jpg' target='_blank'><img class='img-costume' src='http:\/\/www.gym-grandson.ch\/costume\/img\/108.jpg' \/><\/a><\/td>\n<\/tr>\n<tr>\n<td>109<\/td>\n<td><\/td>\n<td><\/td>\n<td>3 t-shirt jaune S<br \/>\n4 t-shirt jaune M<br \/>\n1 t-shirt jaune L<br \/>\n1 t-shirt jaune XL<\/td>\n<td>42212<\/td>\n<td><a href='http:\/\/www.gym-grandson.ch\/costume\/img\/109.jpg' target='_blank'><img class='img-costume' src='http:\/\/www.gym-grandson.ch\/costume\/img\/109.jpg' \/><\/a><\/td>\n<\/tr>\n<tr>\n<td>110<\/td>\n<td>15<\/td>\n<td>\u00e9lastique<\/td>\n<td>corsaire bleu matelot<\/td>\n<td>42212<\/td>\n<td><a href='http:\/\/www.gym-grandson.ch\/costume\/img\/110.jpg' target='_blank'><img class='img-costume' src='http:\/\/www.gym-grandson.ch\/costume\/img\/110.jpg' \/><\/a><\/td>\n<\/tr>\n<tr>\n<td>111<\/td>\n<td>6<\/td>\n<td>40<\/td>\n<td>short en jeans avec bretelles \u00e9delweiss<\/td>\n<td>42212<\/td>\n<td><a href='http:\/\/www.gym-grandson.ch\/costume\/img\/111.jpg' target='_blank'><img class='img-costume' src='http:\/\/www.gym-grandson.ch\/costume\/img\/111.jpg' \/><\/a><\/td>\n<\/tr>\n<tr>\n<td>112<\/td>\n<td>4<\/td>\n<td><\/td>\n<td>mini-jupe rouge pliss\u00e9e<\/td>\n<td>42212<\/td>\n<td><a href='http:\/\/www.gym-grandson.ch\/costume\/img\/112.jpg' target='_blank'><img class='img-costume' src='http:\/\/www.gym-grandson.ch\/costume\/img\/112.jpg' \/><\/a><\/td>\n<\/tr>\n<tr>\n<td>113<\/td>\n<td><\/td>\n<td><\/td>\n<td>12 tablier blanc et vert en toile cir\u00e9e avec plume<br \/>\n12 paire de gants vert assortis<\/td>\n<td>42212<\/td>\n<td><a href='http:\/\/www.gym-grandson.ch\/costume\/img\/113.jpg' target='_blank'><img class='img-costume' src='http:\/\/www.gym-grandson.ch\/costume\/img\/113.jpg' \/><\/a><\/td>\n<\/tr>\n<tr>\n<td>114<\/td>\n<td>10<\/td>\n<td>diverses<\/td>\n<td>blouse disco de couleur diff\u00e9rente<\/td>\n<td>42212<\/td>\n<td><a href='http:\/\/www.gym-grandson.ch\/costume\/img\/114.jpg' target='_blank'><img class='img-costume' src='http:\/\/www.gym-grandson.ch\/costume\/img\/114.jpg' \/><\/a><\/td>\n<\/tr>\n<tr>\n<td><\/td>\n<td>8<\/td>\n<td><\/td>\n<td>ceintures disco<\/td>\n<td>42212<\/td>\n<td><a href='http:\/\/www.gym-grandson.ch\/costume\/img\/.jpg' target='_blank'><img class='img-costume' src='http:\/\/www.gym-grandson.ch\/costume\/img\/.jpg' \/><\/a><\/td>\n<\/tr>\n<tr>\n<td>115<\/td>\n<td><\/td>\n<td><\/td>\n<td>12 t-shirt rouge uni S<br \/>\n6 t-shirt rouge uni M<br \/>\n3 t-shirt rouge uni L<br \/>\n4 t-shirt rouge uni XL<\/td>\n<td>42212<\/td>\n<td><a href='http:\/\/www.gym-grandson.ch\/costume\/img\/115.jpg' target='_blank'><img class='img-costume' src='http:\/\/www.gym-grandson.ch\/costume\/img\/115.jpg' \/><\/a><\/td>\n<\/tr>\n<tr>\n<td>116<\/td>\n<td>9<\/td>\n<td>diverses<\/td>\n<td>t-shirt blanc avec inscription Feel Good<\/td>\n<td>42212<\/td>\n<td><a href='http:\/\/www.gym-grandson.ch\/costume\/img\/116.jpg' target='_blank'><img class='img-costume' src='http:\/\/www.gym-grandson.ch\/costume\/img\/116.jpg' \/><\/a><\/td>\n<\/tr>\n<tr>\n<td>117<\/td>\n<td><\/td>\n<td><\/td>\n<td>2 t-shirt bleu clair S<br \/>\n2 t-shirt vert S<br \/>\n3 t-shirt jaune S<br \/>\n3 t-shirt vert fluo tachet\u00e9 L<br \/>\n3 t-shirt rose uni S<br \/>\n2 t-shirt rose uni M<br \/>\n3 t-shirt rose uni L<br \/>\n1 t-shirt rose uni L<br \/>\n2 t-shirt rose uni XL<br \/>\n1 t-shirt vert S<br \/>\n1 t-shirt vert M<br \/>\n1 t-shirt vert XL<\/td>\n<td>42151<\/td>\n<td><a href='http:\/\/www.gym-grandson.ch\/costume\/img\/117.jpg' target='_blank'><img class='img-costume' src='http:\/\/www.gym-grandson.ch\/costume\/img\/117.jpg' \/><\/a><\/td>\n<\/tr>\n<tr>\n<td>118<\/td>\n<td><\/td>\n<td><\/td>\n<td>4 top rouge 38<br \/>\n5 top rouge 40<\/td>\n<td>42212<\/td>\n<td><a href='http:\/\/www.gym-grandson.ch\/costume\/img\/118.jpg' target='_blank'><img class='img-costume' src='http:\/\/www.gym-grandson.ch\/costume\/img\/118.jpg' \/><\/a><\/td>\n<\/tr>\n<tr>\n<td>119<\/td>\n<td><\/td>\n<td>diverses<\/td>\n<td>2 t-shirt cache-c\u0153ur blanc<br \/>\n2 t-shirt cache-c\u0153ur rouge<br \/>\n2 t-shirt cache-c\u0153ur bleu<br \/>\n2 t-shirt cache-c\u0153ur vert<br \/>\n2 t-shirt cache-c\u0153ur mauve<\/td>\n<td>42151<\/td>\n<td><a href='http:\/\/www.gym-grandson.ch\/costume\/img\/119.jpg' target='_blank'><img class='img-costume' src='http:\/\/www.gym-grandson.ch\/costume\/img\/119.jpg' \/><\/a><\/td>\n<\/tr>\n<tr>\n<td>120<\/td>\n<td><\/td>\n<td><\/td>\n<td>8 collant s\/pied couleur peau 38<br \/>\n3 collant s\/pied couleur peau 40<br \/>\n4 collant s\/pied couleur peau 42<\/td>\n<td>42151<\/td>\n<td><a href='http:\/\/www.gym-grandson.ch\/costume\/img\/120.jpg' target='_blank'><img class='img-costume' src='http:\/\/www.gym-grandson.ch\/costume\/img\/120.jpg' \/><\/a><\/td>\n<\/tr>\n<tr>\n<td>121<\/td>\n<td><\/td>\n<td><\/td>\n<td>2 top jaune XS<br \/>\n4 top jaune S<br \/>\n8 top jaune M<br \/>\n4 top jaune L<\/td>\n<td>42212<\/td>\n<td><a href='http:\/\/www.gym-grandson.ch\/costume\/img\/121.jpg' target='_blank'><img class='img-costume' src='http:\/\/www.gym-grandson.ch\/costume\/img\/121.jpg' \/><\/a><\/td>\n<\/tr>\n<tr>\n<td>122<\/td>\n<td>9<\/td>\n<td>\u00e9lastique<\/td>\n<td>jupe longue ouverte sur le c\u00f4t\u00e9<br \/>\nrouge\/jaune\/orange avec foulard assorti<\/td>\n<td>42151<\/td>\n<td><a href='http:\/\/www.gym-grandson.ch\/costume\/img\/122.jpg' target='_blank'><img class='img-costume' src='http:\/\/www.gym-grandson.ch\/costume\/img\/122.jpg' \/><\/a><\/td>\n<\/tr>\n<tr>\n<td>123<\/td>\n<td>11<\/td>\n<td>\u00e0 nouer<\/td>\n<td>jupe mini rouge ouverte sur c\u00f4t\u00e9<\/td>\n<td>42212<\/td>\n<td><a href='http:\/\/www.gym-grandson.ch\/costume\/img\/123.jpg' target='_blank'><img class='img-costume' src='http:\/\/www.gym-grandson.ch\/costume\/img\/123.jpg' \/><\/a><\/td>\n<\/tr>\n<tr>\n<td>124<\/td>\n<td>23<\/td>\n<td>\u00e9lastique<\/td>\n<td>jupe porte-feuille bleue<\/td>\n<td><\/td>\n<td><a href='http:\/\/www.gym-grandson.ch\/costume\/img\/124.jpg' target='_blank'><img class='img-costume' src='http:\/\/www.gym-grandson.ch\/costume\/img\/124.jpg' \/><\/a><\/td>\n<\/tr>\n<tr>\n<td>125<\/td>\n<td><\/td>\n<td>\u00e9lastique<\/td>\n<td>8 jupe verte en tulle pour f\u00e9e<br \/>\n11 ailes verte en tulle pour f\u00e9e<\/td>\n<td>42151<\/td>\n<td><a href='http:\/\/www.gym-grandson.ch\/costume\/img\/125.jpg' target='_blank'><img class='img-costume' src='http:\/\/www.gym-grandson.ch\/costume\/img\/125.jpg' \/><\/a><\/td>\n<\/tr>\n<tr>\n<td>126<\/td>\n<td><\/td>\n<td><\/td>\n<td>6 top orange S<br \/>\n3 top orange M<\/td>\n<td>42151<\/td>\n<td><a href='http:\/\/www.gym-grandson.ch\/costume\/img\/126.jpg' target='_blank'><img class='img-costume' src='http:\/\/www.gym-grandson.ch\/costume\/img\/126.jpg' \/><\/a><\/td>\n<\/tr>\n<tr>\n<td>127<\/td>\n<td><\/td>\n<td><\/td>\n<td>2 T-shirt rouge 1er ao\u00fbt 150-160<br \/>\n1 T-shirt rouge 1er ao\u00fbt S<br \/>\n2 T-shirt rouge 1er ao\u00fbt M<br \/>\n3 T-shirt rouge 1er ao\u00fbt L<\/td>\n<td>42151<\/td>\n<td><a href='http:\/\/www.gym-grandson.ch\/costume\/img\/127.jpg' target='_blank'><img class='img-costume' src='http:\/\/www.gym-grandson.ch\/costume\/img\/127.jpg' \/><\/a><\/td>\n<\/tr>\n<tr>\n<td>128<\/td>\n<td><\/td>\n<td><\/td>\n<td>35 jupes roses en tule adulte + enfant<br \/>\n20 bracelets roses en tule<\/td>\n<td>42151<\/td>\n<td><a href='http:\/\/www.gym-grandson.ch\/costume\/img\/128.jpg' target='_blank'><img class='img-costume' src='http:\/\/www.gym-grandson.ch\/costume\/img\/128.jpg' \/><\/a><\/td>\n<\/tr>\n<tr>\n<td>129<\/td>\n<td><\/td>\n<td><\/td>\n<td>2 justeaucorps rose M<br \/>\n1 justeaucorps rose L<\/td>\n<td>42151<\/td>\n<td><a href='http:\/\/www.gym-grandson.ch\/costume\/img\/129.jpg' target='_blank'><img class='img-costume' src='http:\/\/www.gym-grandson.ch\/costume\/img\/129.jpg' \/><\/a><\/td>\n<\/tr>\n<tr>\n<td>130<\/td>\n<td>8<\/td>\n<td>\u00e9lastiques<\/td>\n<td>Jupes noires<\/td>\n<td>42151<\/td>\n<td><a href='http:\/\/www.gym-grandson.ch\/costume\/img\/130.jpg' target='_blank'><img class='img-costume' src='http:\/\/www.gym-grandson.ch\/costume\/img\/130.jpg' \/><\/a><\/td>\n<\/tr>\n<tr>\n<td>131<\/td>\n<td>12<\/td>\n<td><\/td>\n<td>mimijupes et foulards<\/td>\n<td>42151<\/td>\n<td><a href='http:\/\/www.gym-grandson.ch\/costume\/img\/131.jpg' target='_blank'><img class='img-costume' src='http:\/\/www.gym-grandson.ch\/costume\/img\/131.jpg' \/><\/a><\/td>\n<\/tr>\n<tr>\n<td>132<\/td>\n<td>5<\/td>\n<td><\/td>\n<td>gilets jaune chantier<\/td>\n<td>42151<\/td>\n<td><a href='http:\/\/www.gym-grandson.ch\/costume\/img\/132.jpg' target='_blank'><img class='img-costume' src='http:\/\/www.gym-grandson.ch\/costume\/img\/132.jpg' \/><\/a><\/td>\n<\/tr>\n<tr>\n<td>133<\/td>\n<td>2<\/td>\n<td><\/td>\n<td>kimono<\/td>\n<td>42151<\/td>\n<td><a href='http:\/\/www.gym-grandson.ch\/costume\/img\/133.jpg' target='_blank'><img class='img-costume' src='http:\/\/www.gym-grandson.ch\/costume\/img\/133.jpg' \/><\/a><\/td>\n<\/tr>\n<tr>\n<td>134<\/td>\n<td>7<\/td>\n<td><\/td>\n<td>T-Shirt vert<\/td>\n<td>42151<\/td>\n<td><a href='http:\/\/www.gym-grandson.ch\/costume\/img\/134.jpg' target='_blank'><img class='img-costume' src='http:\/\/www.gym-grandson.ch\/costume\/img\/134.jpg' \/><\/a><\/td>\n<\/tr>\n<tr>\n<td>135<\/td>\n<td>4<\/td>\n<td><\/td>\n<td>Tops blancs<\/td>\n<td>42151<\/td>\n<td><a href='http:\/\/www.gym-grandson.ch\/costume\/img\/135.jpg' target='_blank'><img class='img-costume' src='http:\/\/www.gym-grandson.ch\/costume\/img\/135.jpg' \/><\/a><\/td>\n<\/tr>\n<tr>\n<td>136<\/td>\n<td>3<\/td>\n<td><\/td>\n<td>T-Shirt jaune\/ orange<\/td>\n<td>42151<\/td>\n<td><a href='http:\/\/www.gym-grandson.ch\/costume\/img\/136.jpg' target='_blank'><img class='img-costume' src='http:\/\/www.gym-grandson.ch\/costume\/img\/136.jpg' \/><\/a><\/td>\n<\/tr>\n<tr>\n<td>137<\/td>\n<td>2<\/td>\n<td><\/td>\n<td>Costume egyptien<\/td>\n<td>42151<\/td>\n<td><a href='http:\/\/www.gym-grandson.ch\/costume\/img\/137.jpg' target='_blank'><img class='img-costume' src='http:\/\/www.gym-grandson.ch\/costume\/img\/137.jpg' \/><\/a><\/td>\n<\/tr>\n<tr>\n<td>138<\/td>\n<td><\/td>\n<td><\/td>\n<td>24 jupes hawa\u00efennes vertes + brassards<br \/>\n7 jupes hawa\u00efennes rouges<br \/>\n3 jupes hawa\u00efennes jaunes<br \/>\n1 jupe hawa\u00efenne bleu<\/td>\n<td>42151<\/td>\n<td><a href='http:\/\/www.gym-grandson.ch\/costume\/img\/138.jpg' target='_blank'><img class='img-costume' src='http:\/\/www.gym-grandson.ch\/costume\/img\/138.jpg' \/><\/a><\/td>\n<\/tr>\n<tr>\n<td>139<\/td>\n<td>1<\/td>\n<td><\/td>\n<td>combinaison chantier orange<\/td>\n<td>42151<\/td>\n<td><a href='http:\/\/www.gym-grandson.ch\/costume\/img\/139.jpg' target='_blank'><img class='img-costume' src='http:\/\/www.gym-grandson.ch\/costume\/img\/139.jpg' \/><\/a><\/td>\n<\/tr>\n<\/table>\n","protected":false},"excerpt":{"rendered":"<p>Code Quantit\u00e9 Taille Articles Contr\u00f4le Photo 101 48 \u00e9lastique 2 t-shirt arm\u00e9e 3 mini-jupe arm\u00e9e 42212 102 4 polo s\/manche noir col blanc S 3 polo s\/manche noir col blanc M 1 polo s\/manche noir col blanc L 2 polo s\/manche noir col blanc XL 42212 103 3 t-shirt noir uni S 4 t-shirt noir30<\/p>\n","protected":false},"author":1,"featured_media":0,"parent":436,"menu_order":0,"comment_status":"closed","ping_status":"closed","template":"page-fullwidth.php","meta":{"footnotes":""},"class_list":["post-492","page","type-page","status-publish","hentry"],"_links":{"self":[{"href":"https:\/\/gym-grandson.ch\/gymgrandson\/wp-json\/wp\/v2\/pages\/492","targetHints":{"allow":["GET"]}}],"collection":[{"href":"https:\/\/gym-grandson.ch\/gymgrandson\/wp-json\/wp\/v2\/pages"}],"about":[{"href":"https:\/\/gym-grandson.ch\/gymgrandson\/wp-json\/wp\/v2\/types\/page"}],"author":[{"embeddable":true,"href":"https:\/\/gym-grandson.ch\/gymgrandson\/wp-json\/wp\/v2\/users\/1"}],"replies":[{"embeddable":true,"href":"https:\/\/gym-grandson.ch\/gymgrandson\/wp-json\/wp\/v2\/comments?post=492"}],"version-history":[{"count":4,"href":"https:\/\/gym-grandson.ch\/gymgrandson\/wp-json\/wp\/v2\/pages\/492\/revisions"}],"predecessor-version":[{"id":497,"href":"https:\/\/gym-grandson.ch\/gymgrandson\/wp-json\/wp\/v2\/pages\/492\/revisions\/497"}],"up":[{"embeddable":true,"href":"https:\/\/gym-grandson.ch\/gymgrandson\/wp-json\/wp\/v2\/pages\/436"}],"wp:attachment":[{"href":"https:\/\/gym-grandson.ch\/gymgrandson\/wp-json\/wp\/v2\/media?parent=492"}],"curies":[{"name":"wp","href":"https:\/\/api.w.org\/{rel}","templated":true}]}}