{"id":502,"date":"2015-08-05T13:54:48","date_gmt":"2015-08-05T12:54:48","guid":{"rendered":"http:\/\/gym-grandson.ch\/gymgrandson\/?page_id=502"},"modified":"2015-08-05T13:54:48","modified_gmt":"2015-08-05T12:54:48","slug":"jeunesse","status":"publish","type":"page","link":"https:\/\/gym-grandson.ch\/gymgrandson\/costumes\/jeunesse\/","title":{"rendered":"Jeunesse"},"content":{"rendered":"<table style=\"margin-left: auto; margin-right: auto; width: 80%;\" class=\"table-main\">\n<tr>\n<td>Code<\/td>\n<td>Quantit\u00e9<\/td>\n<td>Taille<\/td>\n<td>Articles<\/td>\n<td>Contr\u00f4le<\/td>\n<td>Photo<\/td>\n<\/tr>\n<tr>\n<td>501<\/td>\n<td><\/td>\n<td><\/td>\n<td>8 tuniques japonaises violettes<br \/>\n8 pantalons noirs<\/td>\n<td>42212<\/td>\n<td><a href='http:\/\/www.gym-grandson.ch\/costume\/img\/501.jpg' target='_blank'><img class='img-costume' src='http:\/\/www.gym-grandson.ch\/costume\/img\/501.jpg' \/><\/a><\/td>\n<\/tr>\n<tr>\n<td>502<\/td>\n<td>14<\/td>\n<td><\/td>\n<td>capes noires et rouges<\/td>\n<td>42212<\/td>\n<td><a href='http:\/\/www.gym-grandson.ch\/costume\/img\/502.jpg' target='_blank'><img class='img-costume' src='http:\/\/www.gym-grandson.ch\/costume\/img\/502.jpg' \/><\/a><\/td>\n<\/tr>\n<tr>\n<td>503<\/td>\n<td>25<\/td>\n<td><\/td>\n<td>robes pocahontas beige<\/td>\n<td>42212<\/td>\n<td><a href='http:\/\/www.gym-grandson.ch\/costume\/img\/503.jpg' target='_blank'><img class='img-costume' src='http:\/\/www.gym-grandson.ch\/costume\/img\/503.jpg' \/><\/a><\/td>\n<\/tr>\n<tr>\n<td>504<\/td>\n<td>4<\/td>\n<td>\u00e9lastique<\/td>\n<td>pantalons alladin avec turban<\/td>\n<td>42212<\/td>\n<td><a href='http:\/\/www.gym-grandson.ch\/costume\/img\/504.jpg' target='_blank'><img class='img-costume' src='http:\/\/www.gym-grandson.ch\/costume\/img\/504.jpg' \/><\/a><\/td>\n<\/tr>\n<tr>\n<td>505<\/td>\n<td>9<\/td>\n<td><\/td>\n<td>robes bustiers bleues satin\u00e9es avec ceinture<\/td>\n<td>42212<\/td>\n<td><a href='http:\/\/www.gym-grandson.ch\/costume\/img\/505.jpg' target='_blank'><img class='img-costume' src='http:\/\/www.gym-grandson.ch\/costume\/img\/505.jpg' \/><\/a><\/td>\n<\/tr>\n<tr>\n<td>506<\/td>\n<td>9<\/td>\n<td>\u00e9lastique<\/td>\n<td>minis jupes bleues brillantes + chouchou assortis<\/td>\n<td>42212<\/td>\n<td><a href='http:\/\/www.gym-grandson.ch\/costume\/img\/506.jpg' target='_blank'><img class='img-costume' src='http:\/\/www.gym-grandson.ch\/costume\/img\/506.jpg' \/><\/a><\/td>\n<\/tr>\n<tr>\n<td>507<\/td>\n<td>14<\/td>\n<td>\u00e9lastique<\/td>\n<td>minis jupes noires droites<\/td>\n<td>42212<\/td>\n<td><a href='http:\/\/www.gym-grandson.ch\/costume\/img\/507.jpg' target='_blank'><img class='img-costume' src='http:\/\/www.gym-grandson.ch\/costume\/img\/507.jpg' \/><\/a><\/td>\n<\/tr>\n<tr>\n<td>508<\/td>\n<td>9<\/td>\n<td><\/td>\n<td>minis jupes porte-feuilles bleues claires<\/td>\n<td>42212<\/td>\n<td><a href='http:\/\/www.gym-grandson.ch\/costume\/img\/508.jpg' target='_blank'><img class='img-costume' src='http:\/\/www.gym-grandson.ch\/costume\/img\/508.jpg' \/><\/a><\/td>\n<\/tr>\n<tr>\n<td>509<\/td>\n<td><\/td>\n<td><\/td>\n<td>6 t-shirts roses 128<br \/>\n4 t-shirts roses 134<br \/>\n6 t-shirts roses 140<br \/>\n2 t-shirts roses 152<br \/>\n1 t-shirts roses 164<\/td>\n<td>42212<\/td>\n<td><a href='http:\/\/www.gym-grandson.ch\/costume\/img\/509.jpg' target='_blank'><img class='img-costume' src='http:\/\/www.gym-grandson.ch\/costume\/img\/509.jpg' \/><\/a><\/td>\n<\/tr>\n<tr>\n<td>510<\/td>\n<td><\/td>\n<td><\/td>\n<td>7 chaussettes blanches<br \/>\n11 chaussettes jaunes<br \/>\n3 chaussettes brunes<br \/>\n3 chaussettes noires<br \/>\n12 chaussettes rouges<\/td>\n<td>42212<\/td>\n<td><a href='http:\/\/www.gym-grandson.ch\/costume\/img\/510.jpg' target='_blank'><img class='img-costume' src='http:\/\/www.gym-grandson.ch\/costume\/img\/510.jpg' \/><\/a><\/td>\n<\/tr>\n<tr>\n<td>511<\/td>\n<td>10<\/td>\n<td><\/td>\n<td>bavettes jeans Mario + ceinture<\/td>\n<td>42212<\/td>\n<td><a href='http:\/\/www.gym-grandson.ch\/costume\/img\/511.jpg' target='_blank'><img class='img-costume' src='http:\/\/www.gym-grandson.ch\/costume\/img\/511.jpg' \/><\/a><\/td>\n<\/tr>\n<tr>\n<td>512<\/td>\n<td>17<\/td>\n<td>\u00e9lastique<\/td>\n<td>minis jupes bleues amples<\/td>\n<td>42212<\/td>\n<td><a href='http:\/\/www.gym-grandson.ch\/costume\/img\/512.jpg' target='_blank'><img class='img-costume' src='http:\/\/www.gym-grandson.ch\/costume\/img\/512.jpg' \/><\/a><\/td>\n<\/tr>\n<tr>\n<td>513<\/td>\n<td>8<\/td>\n<td>\u00e9lastique<\/td>\n<td>minis jupesde couleurs satin\u00e9es<\/td>\n<td>42212<\/td>\n<td><a href='http:\/\/www.gym-grandson.ch\/costume\/img\/513.jpg' target='_blank'><img class='img-costume' src='http:\/\/www.gym-grandson.ch\/costume\/img\/513.jpg' \/><\/a><\/td>\n<\/tr>\n<tr>\n<td>514<\/td>\n<td><\/td>\n<td>\u00e9lastique<\/td>\n<td>4 pantalons bouffants bleus<br \/>\n3 pantalons bouffants jaunes<br \/>\n4 pantalons bouffants rouges<br \/>\n4 pantalons bouffants bordeaux<br \/>\n3 pantalons bouffants beiges<br \/>\n4 pantalons bouffants blancs<\/td>\n<td>42212<\/td>\n<td><a href='http:\/\/www.gym-grandson.ch\/costume\/img\/514.jpg' target='_blank'><img class='img-costume' src='http:\/\/www.gym-grandson.ch\/costume\/img\/514.jpg' \/><\/a><\/td>\n<\/tr>\n<tr>\n<td>515<\/td>\n<td>11<\/td>\n<td><\/td>\n<td>bustiers blancs<\/td>\n<td>42212<\/td>\n<td><a href='http:\/\/www.gym-grandson.ch\/costume\/img\/515.jpg' target='_blank'><img class='img-costume' src='http:\/\/www.gym-grandson.ch\/costume\/img\/515.jpg' \/><\/a><\/td>\n<\/tr>\n<tr>\n<td>516<\/td>\n<td>7<\/td>\n<td>128<\/td>\n<td>t-shirts blancs<\/td>\n<td><\/td>\n<td><a href='http:\/\/www.gym-grandson.ch\/costume\/img\/516.jpg' target='_blank'><img class='img-costume' src='http:\/\/www.gym-grandson.ch\/costume\/img\/516.jpg' \/><\/a><\/td>\n<\/tr>\n<tr>\n<td>516<\/td>\n<td>1<\/td>\n<td>134<\/td>\n<td>t-shirts blancs<\/td>\n<td><\/td>\n<td><a href='http:\/\/www.gym-grandson.ch\/costume\/img\/516.jpg' target='_blank'><img class='img-costume' src='http:\/\/www.gym-grandson.ch\/costume\/img\/516.jpg' \/><\/a><\/td>\n<\/tr>\n<tr>\n<td>516<\/td>\n<td>3<\/td>\n<td>140<\/td>\n<td>t-shirts blancs<\/td>\n<td><\/td>\n<td><a href='http:\/\/www.gym-grandson.ch\/costume\/img\/516.jpg' target='_blank'><img class='img-costume' src='http:\/\/www.gym-grandson.ch\/costume\/img\/516.jpg' \/><\/a><\/td>\n<\/tr>\n<tr>\n<td>516<\/td>\n<td>10<\/td>\n<td>110<\/td>\n<td>t-shirts rouges<\/td>\n<td><\/td>\n<td><a href='http:\/\/www.gym-grandson.ch\/costume\/img\/516.jpg' target='_blank'><img class='img-costume' src='http:\/\/www.gym-grandson.ch\/costume\/img\/516.jpg' \/><\/a><\/td>\n<\/tr>\n<tr>\n<td>516<\/td>\n<td>6<\/td>\n<td>128<\/td>\n<td>t-shirts rouges<\/td>\n<td><\/td>\n<td><a href='http:\/\/www.gym-grandson.ch\/costume\/img\/516.jpg' target='_blank'><img class='img-costume' src='http:\/\/www.gym-grandson.ch\/costume\/img\/516.jpg' \/><\/a><\/td>\n<\/tr>\n<tr>\n<td>516<\/td>\n<td>7<\/td>\n<td>110<\/td>\n<td>t-shirts jaunes fonc\u00e9s<\/td>\n<td><\/td>\n<td><a href='http:\/\/www.gym-grandson.ch\/costume\/img\/516.jpg' target='_blank'><img class='img-costume' src='http:\/\/www.gym-grandson.ch\/costume\/img\/516.jpg' \/><\/a><\/td>\n<\/tr>\n<tr>\n<td>516<\/td>\n<td>2<\/td>\n<td>9\/10 ans<\/td>\n<td>t-shirts jaunes fonc\u00e9s<\/td>\n<td><\/td>\n<td><a href='http:\/\/www.gym-grandson.ch\/costume\/img\/516.jpg' target='_blank'><img class='img-costume' src='http:\/\/www.gym-grandson.ch\/costume\/img\/516.jpg' \/><\/a><\/td>\n<\/tr>\n<tr>\n<td>516<\/td>\n<td>4<\/td>\n<td>9\/10 ans<\/td>\n<td>t-shirts bleus<\/td>\n<td><\/td>\n<td><a href='http:\/\/www.gym-grandson.ch\/costume\/img\/516.jpg' target='_blank'><img class='img-costume' src='http:\/\/www.gym-grandson.ch\/costume\/img\/516.jpg' \/><\/a><\/td>\n<\/tr>\n<tr>\n<td>516<\/td>\n<td>4<\/td>\n<td>140<\/td>\n<td>t-shirts corails<\/td>\n<td><\/td>\n<td><a href='http:\/\/www.gym-grandson.ch\/costume\/img\/516.jpg' target='_blank'><img class='img-costume' src='http:\/\/www.gym-grandson.ch\/costume\/img\/516.jpg' \/><\/a><\/td>\n<\/tr>\n<tr>\n<td>516<\/td>\n<td>3<\/td>\n<td>110<\/td>\n<td>t-shirts jaunes clairs<\/td>\n<td><\/td>\n<td><a href='http:\/\/www.gym-grandson.ch\/costume\/img\/516.jpg' target='_blank'><img class='img-costume' src='http:\/\/www.gym-grandson.ch\/costume\/img\/516.jpg' \/><\/a><\/td>\n<\/tr>\n<tr>\n<td>516<\/td>\n<td>2<\/td>\n<td>9\/10 ans<\/td>\n<td>t-shirts jaune p\u00e9tants<\/td>\n<td><\/td>\n<td><a href='http:\/\/www.gym-grandson.ch\/costume\/img\/516.jpg' target='_blank'><img class='img-costume' src='http:\/\/www.gym-grandson.ch\/costume\/img\/516.jpg' \/><\/a><\/td>\n<\/tr>\n<tr>\n<td>516<\/td>\n<td>4<\/td>\n<td>9 \/10 ans<\/td>\n<td>t-shirts verts<\/td>\n<td><\/td>\n<td><a href='http:\/\/www.gym-grandson.ch\/costume\/img\/516.jpg' target='_blank'><img class='img-costume' src='http:\/\/www.gym-grandson.ch\/costume\/img\/516.jpg' \/><\/a><\/td>\n<\/tr>\n<tr>\n<td>517<\/td>\n<td>11<\/td>\n<td>\u00e9lastique<\/td>\n<td>jupes pant\u00e8res avec bandeau pour poitrine<\/td>\n<td>42212<\/td>\n<td><a href='http:\/\/www.gym-grandson.ch\/costume\/img\/517.jpg' target='_blank'><img class='img-costume' src='http:\/\/www.gym-grandson.ch\/costume\/img\/517.jpg' \/><\/a><\/td>\n<\/tr>\n<tr>\n<td>518<\/td>\n<td><\/td>\n<td><\/td>\n<td>31 ceintures vertes<br \/>\n31 n\u0153uds papillons verts<br \/>\n22 chouchous verts<br \/>\n29 paires chaussettes vertes<\/td>\n<td>42212<\/td>\n<td><a href='http:\/\/www.gym-grandson.ch\/costume\/img\/518.jpg' target='_blank'><img class='img-costume' src='http:\/\/www.gym-grandson.ch\/costume\/img\/518.jpg' \/><\/a><\/td>\n<\/tr>\n<tr>\n<td>519<\/td>\n<td><\/td>\n<td>6 ans<\/td>\n<td>3 t-shirts jaunes 6 ans<br \/>\n3 t-shirts turquoises 9 ans<br \/>\n3 t-shirts verts 9 ans<br \/>\n2 t-shirts rouges 10 ans<\/td>\n<td>42212<\/td>\n<td><a href='http:\/\/www.gym-grandson.ch\/costume\/img\/519.jpg' target='_blank'><img class='img-costume' src='http:\/\/www.gym-grandson.ch\/costume\/img\/519.jpg' \/><\/a><\/td>\n<\/tr>\n<tr>\n<td>520<\/td>\n<td>1<\/td>\n<td>110<\/td>\n<td>t-shirt blanc<\/td>\n<td><\/td>\n<td><a href='http:\/\/www.gym-grandson.ch\/costume\/img\/520.jpg' target='_blank'><img class='img-costume' src='http:\/\/www.gym-grandson.ch\/costume\/img\/520.jpg' \/><\/a><\/td>\n<\/tr>\n<tr>\n<td>520<\/td>\n<td>4<\/td>\n<td>128<\/td>\n<td>t-shirts blancs<\/td>\n<td><\/td>\n<td><a href='http:\/\/www.gym-grandson.ch\/costume\/img\/520.jpg' target='_blank'><img class='img-costume' src='http:\/\/www.gym-grandson.ch\/costume\/img\/520.jpg' \/><\/a><\/td>\n<\/tr>\n<tr>\n<td>520<\/td>\n<td>3<\/td>\n<td>134<\/td>\n<td>t-shirts blancs<\/td>\n<td><\/td>\n<td><a href='http:\/\/www.gym-grandson.ch\/costume\/img\/520.jpg' target='_blank'><img class='img-costume' src='http:\/\/www.gym-grandson.ch\/costume\/img\/520.jpg' \/><\/a><\/td>\n<\/tr>\n<tr>\n<td>520<\/td>\n<td>13<\/td>\n<td>140<\/td>\n<td>t-shirts blancs<\/td>\n<td><\/td>\n<td><a href='http:\/\/www.gym-grandson.ch\/costume\/img\/520.jpg' target='_blank'><img class='img-costume' src='http:\/\/www.gym-grandson.ch\/costume\/img\/520.jpg' \/><\/a><\/td>\n<\/tr>\n<tr>\n<td>520<\/td>\n<td>8<\/td>\n<td>152<\/td>\n<td>t-shirts blancs<\/td>\n<td><\/td>\n<td><a href='http:\/\/www.gym-grandson.ch\/costume\/img\/520.jpg' target='_blank'><img class='img-costume' src='http:\/\/www.gym-grandson.ch\/costume\/img\/520.jpg' \/><\/a><\/td>\n<\/tr>\n<tr>\n<td>520<\/td>\n<td>2<\/td>\n<td>S<\/td>\n<td>t-shirts blancs<\/td>\n<td><\/td>\n<td><a href='http:\/\/www.gym-grandson.ch\/costume\/img\/520.jpg' target='_blank'><img class='img-costume' src='http:\/\/www.gym-grandson.ch\/costume\/img\/520.jpg' \/><\/a><\/td>\n<\/tr>\n<tr>\n<td>521<\/td>\n<td>7<\/td>\n<td>\u00e9lastique<\/td>\n<td>jupes violetttes en tule<\/td>\n<td>42212<\/td>\n<td><a href='http:\/\/www.gym-grandson.ch\/costume\/img\/521.jpg' target='_blank'><img class='img-costume' src='http:\/\/www.gym-grandson.ch\/costume\/img\/521.jpg' \/><\/a><\/td>\n<\/tr>\n<tr>\n<td>522<\/td>\n<td><\/td>\n<td><\/td>\n<td>7 T-shirt pirate noir motif blancs<br \/>\n10 T-shirt pirate noir motif rouge<\/td>\n<td>42212<\/td>\n<td><a href='http:\/\/www.gym-grandson.ch\/costume\/img\/522.jpg' target='_blank'><img class='img-costume' src='http:\/\/www.gym-grandson.ch\/costume\/img\/522.jpg' \/><\/a><\/td>\n<\/tr>\n<tr>\n<td>523<\/td>\n<td>1<\/td>\n<td><\/td>\n<td>costume de pirate fille<\/td>\n<td>42212<\/td>\n<td><a href='http:\/\/www.gym-grandson.ch\/costume\/img\/523.jpg' target='_blank'><img class='img-costume' src='http:\/\/www.gym-grandson.ch\/costume\/img\/523.jpg' \/><\/a><\/td>\n<\/tr>\n<tr>\n<td>524<\/td>\n<td>1<\/td>\n<td><\/td>\n<td>costume indienne<\/td>\n<td>42212<\/td>\n<td><a href='http:\/\/www.gym-grandson.ch\/costume\/img\/524.jpg' target='_blank'><img class='img-costume' src='http:\/\/www.gym-grandson.ch\/costume\/img\/524.jpg' \/><\/a><\/td>\n<\/tr>\n<tr>\n<td>525<\/td>\n<td>1<\/td>\n<td>M<\/td>\n<td>top noir avec la\u00e7age rouge<\/td>\n<td>42212<\/td>\n<td><a href='http:\/\/www.gym-grandson.ch\/costume\/img\/525.jpg' target='_blank'><img class='img-costume' src='http:\/\/www.gym-grandson.ch\/costume\/img\/525.jpg' \/><\/a><\/td>\n<\/tr>\n<tr>\n<td>526<\/td>\n<td>16<\/td>\n<td><\/td>\n<td>16 T-shirt orange<br \/>\n13 T-shirt rouge<br \/>\n1 T-shirt noir<br \/>\n7 T-shirt jaune<br \/>\n11 T-Shirt blanc<\/td>\n<td>42212<\/td>\n<td><a href='http:\/\/www.gym-grandson.ch\/costume\/img\/526.jpg' target='_blank'><img class='img-costume' src='http:\/\/www.gym-grandson.ch\/costume\/img\/526.jpg' \/><\/a><\/td>\n<\/tr>\n<\/table>\n","protected":false},"excerpt":{"rendered":"<p>Code Quantit\u00e9 Taille Articles Contr\u00f4le Photo 501 8 tuniques japonaises violettes 8 pantalons noirs 42212 502 14 capes noires et rouges 42212 503 25 robes pocahontas beige 42212 504 4 \u00e9lastique pantalons alladin avec turban 42212 505 9 robes bustiers bleues satin\u00e9es avec ceinture 42212 506 9 \u00e9lastique minis jupes bleues brillantes + chouchou assortis30<\/p>\n","protected":false},"author":1,"featured_media":0,"parent":436,"menu_order":0,"comment_status":"closed","ping_status":"closed","template":"page-fullwidth.php","meta":{"footnotes":""},"class_list":["post-502","page","type-page","status-publish","hentry"],"_links":{"self":[{"href":"https:\/\/gym-grandson.ch\/gymgrandson\/wp-json\/wp\/v2\/pages\/502","targetHints":{"allow":["GET"]}}],"collection":[{"href":"https:\/\/gym-grandson.ch\/gymgrandson\/wp-json\/wp\/v2\/pages"}],"about":[{"href":"https:\/\/gym-grandson.ch\/gymgrandson\/wp-json\/wp\/v2\/types\/page"}],"author":[{"embeddable":true,"href":"https:\/\/gym-grandson.ch\/gymgrandson\/wp-json\/wp\/v2\/users\/1"}],"replies":[{"embeddable":true,"href":"https:\/\/gym-grandson.ch\/gymgrandson\/wp-json\/wp\/v2\/comments?post=502"}],"version-history":[{"count":1,"href":"https:\/\/gym-grandson.ch\/gymgrandson\/wp-json\/wp\/v2\/pages\/502\/revisions"}],"predecessor-version":[{"id":503,"href":"https:\/\/gym-grandson.ch\/gymgrandson\/wp-json\/wp\/v2\/pages\/502\/revisions\/503"}],"up":[{"embeddable":true,"href":"https:\/\/gym-grandson.ch\/gymgrandson\/wp-json\/wp\/v2\/pages\/436"}],"wp:attachment":[{"href":"https:\/\/gym-grandson.ch\/gymgrandson\/wp-json\/wp\/v2\/media?parent=502"}],"curies":[{"name":"wp","href":"https:\/\/api.w.org\/{rel}","templated":true}]}}