{"id":506,"date":"2015-08-05T13:56:54","date_gmt":"2015-08-05T12:56:54","guid":{"rendered":"http:\/\/gym-grandson.ch\/gymgrandson\/?page_id=506"},"modified":"2015-08-05T14:02:31","modified_gmt":"2015-08-05T13:02:31","slug":"parents-enfants","status":"publish","type":"page","link":"https:\/\/gym-grandson.ch\/gymgrandson\/costumes\/parents-enfants\/","title":{"rendered":"Parents-enfants"},"content":{"rendered":"<table style=\"margin-left: auto; margin-right: auto; width: 80%;\" class=\"table-main\">\n<tr>\n<td>Code<\/td>\n<td>Quantit\u00e9<\/td>\n<td>Taille<\/td>\n<td>Articles<\/td>\n<td>Contr\u00f4le<\/td>\n<td>Photo<\/td>\n<\/tr>\n<tr>\n<td>401<\/td>\n<td>20<\/td>\n<td>\u00e9lastique<\/td>\n<td>cyclistes blancs<\/td>\n<td>42212<\/td>\n<td><a href='http:\/\/www.gym-grandson.ch\/costume\/img\/401.jpg' target='_blank'><img class='img-costume' src='http:\/\/www.gym-grandson.ch\/costume\/img\/401.jpg' \/><\/a><\/td>\n<\/tr>\n<tr>\n<td>402<\/td>\n<td>8<\/td>\n<td><\/td>\n<td>bonnets blancs avec pompoms de couleurs<br \/>\n\u00e9charpes assortis aux bonnets<\/td>\n<td>42212<\/td>\n<td><a href='http:\/\/www.gym-grandson.ch\/costume\/img\/402.jpg' target='_blank'><img class='img-costume' src='http:\/\/www.gym-grandson.ch\/costume\/img\/402.jpg' \/><\/a><\/td>\n<\/tr>\n<tr>\n<td>403<\/td>\n<td>5<\/td>\n<td>\u00e9lastique<\/td>\n<td>minis jupes l\u00e9opards<\/td>\n<td>42212<\/td>\n<td><a href='http:\/\/www.gym-grandson.ch\/costume\/img\/403.jpg' target='_blank'><img class='img-costume' src='http:\/\/www.gym-grandson.ch\/costume\/img\/403.jpg' \/><\/a><\/td>\n<\/tr>\n<tr>\n<td>404<\/td>\n<td>37<\/td>\n<td><\/td>\n<td>liquettes blanches <\/td>\n<td>42212<\/td>\n<td><a href='http:\/\/www.gym-grandson.ch\/costume\/img\/404.jpg' target='_blank'><img class='img-costume' src='http:\/\/www.gym-grandson.ch\/costume\/img\/404.jpg' \/><\/a><\/td>\n<\/tr>\n<tr>\n<td>405<\/td>\n<td><\/td>\n<td><\/td>\n<td>7 tuniques robin des bois vertes en feutre<br \/>\n7&#215;2 dessus de chaussons en feutre<br \/>\n7 ceintures brunes en feutre<br \/>\n7 chapeaux robin des bois en feutre<br \/>\n13 robes de f\u00e9es mauves<\/td>\n<td>42212<\/td>\n<td><a href='http:\/\/www.gym-grandson.ch\/costume\/img\/405.jpg' target='_blank'><img class='img-costume' src='http:\/\/www.gym-grandson.ch\/costume\/img\/405.jpg' \/><\/a><\/td>\n<\/tr>\n<tr>\n<td>406<\/td>\n<td>3<\/td>\n<td>110<\/td>\n<td>3 t-shirts rouges 110<br \/>\n2 t-shirts rouges 114<br \/>\n2 t-shirts bleus 104<br \/>\n3 t-shirts bleus 110<br \/>\n1 t-shirts bleus 114<br \/>\n2 t-shirts bleus 128<br \/>\n2 t-shirts bleus 140<br \/>\n2 t-shirts verts 110<br \/>\n2 t-shirts verts 114<\/td>\n<td>42212<\/td>\n<td><a href='http:\/\/www.gym-grandson.ch\/costume\/img\/406.jpg' target='_blank'><img class='img-costume' src='http:\/\/www.gym-grandson.ch\/costume\/img\/406.jpg' \/><\/a><\/td>\n<\/tr>\n<tr>\n<td>407<\/td>\n<td>10<\/td>\n<td>3\/5 ans<\/td>\n<td>t-shirts manches longues verts<\/td>\n<td>42212<\/td>\n<td><a href='http:\/\/www.gym-grandson.ch\/costume\/img\/407.jpg' target='_blank'><img class='img-costume' src='http:\/\/www.gym-grandson.ch\/costume\/img\/407.jpg' \/><\/a><\/td>\n<\/tr>\n<tr>\n<td>408<\/td>\n<td>8<\/td>\n<td>3\/5 ans<\/td>\n<td>tops bleus \u00e0 fleurs blanches<\/td>\n<td>42212<\/td>\n<td><a href='http:\/\/www.gym-grandson.ch\/costume\/img\/408.jpg' target='_blank'><img class='img-costume' src='http:\/\/www.gym-grandson.ch\/costume\/img\/408.jpg' \/><\/a><\/td>\n<\/tr>\n<tr>\n<td>409<\/td>\n<td>10<\/td>\n<td>\u00e9lastique<\/td>\n<td>pantalons + tops ray\u00e9s noirs et blancs<\/td>\n<td>42212<\/td>\n<td><a href='http:\/\/www.gym-grandson.ch\/costume\/img\/409.jpg' target='_blank'><img class='img-costume' src='http:\/\/www.gym-grandson.ch\/costume\/img\/409.jpg' \/><\/a><\/td>\n<\/tr>\n<tr>\n<td>410<\/td>\n<td>13<\/td>\n<td>\u00e9lastique<\/td>\n<td>pantalons \u00e0 carreaux<\/td>\n<td>42212<\/td>\n<td><a href='http:\/\/www.gym-grandson.ch\/costume\/img\/410.jpg' target='_blank'><img class='img-costume' src='http:\/\/www.gym-grandson.ch\/costume\/img\/410.jpg' \/><\/a><\/td>\n<\/tr>\n<tr>\n<td>411<\/td>\n<td>11<\/td>\n<td>\u00e9lastique<\/td>\n<td>pantalons rouges<\/td>\n<td>42212<\/td>\n<td><a href='http:\/\/www.gym-grandson.ch\/costume\/img\/411.jpg' target='_blank'><img class='img-costume' src='http:\/\/www.gym-grandson.ch\/costume\/img\/411.jpg' \/><\/a><\/td>\n<\/tr>\n<\/table>\n","protected":false},"excerpt":{"rendered":"<p>Code Quantit\u00e9 Taille Articles Contr\u00f4le Photo 401 20 \u00e9lastique cyclistes blancs 42212 402 8 bonnets blancs avec pompoms de couleurs \u00e9charpes assortis aux bonnets 42212 403 5 \u00e9lastique minis jupes l\u00e9opards 42212 404 37 liquettes blanches 42212 405 7 tuniques robin des bois vertes en feutre 7&#215;2 dessus de chaussons en feutre 7 ceintures brunes30<\/p>\n","protected":false},"author":1,"featured_media":0,"parent":436,"menu_order":0,"comment_status":"closed","ping_status":"closed","template":"page-fullwidth.php","meta":{"footnotes":""},"class_list":["post-506","page","type-page","status-publish","hentry"],"_links":{"self":[{"href":"https:\/\/gym-grandson.ch\/gymgrandson\/wp-json\/wp\/v2\/pages\/506","targetHints":{"allow":["GET"]}}],"collection":[{"href":"https:\/\/gym-grandson.ch\/gymgrandson\/wp-json\/wp\/v2\/pages"}],"about":[{"href":"https:\/\/gym-grandson.ch\/gymgrandson\/wp-json\/wp\/v2\/types\/page"}],"author":[{"embeddable":true,"href":"https:\/\/gym-grandson.ch\/gymgrandson\/wp-json\/wp\/v2\/users\/1"}],"replies":[{"embeddable":true,"href":"https:\/\/gym-grandson.ch\/gymgrandson\/wp-json\/wp\/v2\/comments?post=506"}],"version-history":[{"count":4,"href":"https:\/\/gym-grandson.ch\/gymgrandson\/wp-json\/wp\/v2\/pages\/506\/revisions"}],"predecessor-version":[{"id":511,"href":"https:\/\/gym-grandson.ch\/gymgrandson\/wp-json\/wp\/v2\/pages\/506\/revisions\/511"}],"up":[{"embeddable":true,"href":"https:\/\/gym-grandson.ch\/gymgrandson\/wp-json\/wp\/v2\/pages\/436"}],"wp:attachment":[{"href":"https:\/\/gym-grandson.ch\/gymgrandson\/wp-json\/wp\/v2\/media?parent=506"}],"curies":[{"name":"wp","href":"https:\/\/api.w.org\/{rel}","templated":true}]}}