{"id":51,"date":"2015-07-19T17:25:58","date_gmt":"2015-07-19T16:25:58","guid":{"rendered":"http:\/\/gym-grandson.ch\/gymgrandson\/?page_id=51"},"modified":"2021-08-08T19:54:48","modified_gmt":"2021-08-08T18:54:48","slug":"groupe-agres-c2-c3","status":"publish","type":"page","link":"https:\/\/gym-grandson.ch\/gymgrandson\/groupe\/groupe-agres-c2-c3\/","title":{"rendered":"Groupe Agr\u00e8s individuel comp\u00e9titions C2 &#038; C3"},"content":{"rendered":"<p><strong>Age\u202f: <\/strong><span data-contrast=\"none\">Groupe \u00e0 \u00e9valuer selon l\u2019\u00e2ge et le niveau du gymnaste, merci de contacter un moniteur<\/span><span data-ccp-props=\"{&quot;335551550&quot;:6,&quot;335551620&quot;:6}\">\u00a0<\/span><\/p>\n<p><strong>Lieu\u202f: <\/strong><span data-contrast=\"none\">Centre Sportif de Born\u00e9-Nau\u00a0<\/span><span data-ccp-props=\"{&quot;335551550&quot;:6,&quot;335551620&quot;:6}\">\u00a0<\/span><\/p>\n<p><strong>Horaires\u202f: <\/strong><span data-contrast=\"none\">Le lundi de 18h00 \u00e0 19h30 &amp; le mercredi de 18h00 \u00e0 19h15<\/span><span data-ccp-props=\"{&quot;335551550&quot;:6,&quot;335551620&quot;:6}\">\u00a0<\/span><\/p>\n<p><strong>Descriptif\u202f: <\/strong><span data-contrast=\"none\">La gymnastique aux agr\u00e8s individuel se pratique sur 5 engins lors des comp\u00e9titions (le sol, la barre fixe, le saut, les anneaux pour les filles et les barres parall\u00e8les en plus pour les gar\u00e7ons).\u00a0<\/span><span data-ccp-props=\"{&quot;335551550&quot;:6,&quot;335551620&quot;:6}\">\u00a0<\/span><\/p>\n<p><span data-contrast=\"none\">Les comp\u00e9titions et deux entrainements sont obligatoires pour tous les gymnastes.<\/span><span data-ccp-props=\"{&quot;335551550&quot;:6,&quot;335551620&quot;:6}\">\u00a0<\/span><\/p>\n<p><span data-contrast=\"none\">Le groupe participe \u00e9galement aux diff\u00e9rentes activit\u00e9s de la soci\u00e9t\u00e9 dont la soir\u00e9e de gymnastique.\u00a0<\/span><span data-ccp-props=\"{&quot;335551550&quot;:6,&quot;335551620&quot;:6}\">\u00a0<\/span><\/p>\n<p><strong>Contact\u202f: <\/strong><span data-contrast=\"none\">Jonathan Payot \u2013 076 392 35 70 <a href=\"mailto:jonathan.payot@gmail.com\">jonathan.payot@gmail.com<\/a> &amp; Morgane Stoebener \u2013 078 810 74 67<\/span><a href=\"mailto:morganesto@hotmail.com\"><span data-ccp-props=\"{&quot;335551550&quot;:6,&quot;335551620&quot;:6}\"> morganesto@hotmail.com<\/span><\/a><\/p>\n<\/p>\n<p><img loading=\"lazy\" decoding=\"async\" class=\"alignnone  wp-image-1389\" src=\"https:\/\/gym-grandson.ch\/gymgrandson\/wp-content\/uploads\/2018\/01\/dsc_0825.jpeg\" alt=\"\" width=\"1068\" height=\"711\" \/><\/p>\n","protected":false},"excerpt":{"rendered":"<p>Age\u202f: Groupe \u00e0 \u00e9valuer selon l\u2019\u00e2ge et le niveau du gymnaste, merci de contacter un moniteur\u00a0 Lieu\u202f: Centre Sportif de Born\u00e9-Nau\u00a0\u00a0 Horaires\u202f: Le lundi de 18h00 \u00e0 19h30 &amp; le mercredi de 18h00 \u00e0 19h15\u00a0 Descriptif\u202f: La gymnastique aux agr\u00e8s individuel se pratique sur 5 engins lors des comp\u00e9titions (le sol, la barre fixe, le30<\/p>\n","protected":false},"author":1,"featured_media":0,"parent":37,"menu_order":2,"comment_status":"closed","ping_status":"closed","template":"page-fullwidth.php","meta":{"footnotes":""},"class_list":["post-51","page","type-page","status-publish","hentry"],"_links":{"self":[{"href":"https:\/\/gym-grandson.ch\/gymgrandson\/wp-json\/wp\/v2\/pages\/51","targetHints":{"allow":["GET"]}}],"collection":[{"href":"https:\/\/gym-grandson.ch\/gymgrandson\/wp-json\/wp\/v2\/pages"}],"about":[{"href":"https:\/\/gym-grandson.ch\/gymgrandson\/wp-json\/wp\/v2\/types\/page"}],"author":[{"embeddable":true,"href":"https:\/\/gym-grandson.ch\/gymgrandson\/wp-json\/wp\/v2\/users\/1"}],"replies":[{"embeddable":true,"href":"https:\/\/gym-grandson.ch\/gymgrandson\/wp-json\/wp\/v2\/comments?post=51"}],"version-history":[{"count":17,"href":"https:\/\/gym-grandson.ch\/gymgrandson\/wp-json\/wp\/v2\/pages\/51\/revisions"}],"predecessor-version":[{"id":2665,"href":"https:\/\/gym-grandson.ch\/gymgrandson\/wp-json\/wp\/v2\/pages\/51\/revisions\/2665"}],"up":[{"embeddable":true,"href":"https:\/\/gym-grandson.ch\/gymgrandson\/wp-json\/wp\/v2\/pages\/37"}],"wp:attachment":[{"href":"https:\/\/gym-grandson.ch\/gymgrandson\/wp-json\/wp\/v2\/media?parent=51"}],"curies":[{"name":"wp","href":"https:\/\/api.w.org\/{rel}","templated":true}]}}