{"id":78,"date":"2015-07-21T17:21:38","date_gmt":"2015-07-21T16:21:38","guid":{"rendered":"http:\/\/gym-grandson.ch\/gymgrandson\/?page_id=78"},"modified":"2023-04-29T19:58:52","modified_gmt":"2023-04-29T18:58:52","slug":"groupegroupe-agres-c1","status":"publish","type":"page","link":"https:\/\/gym-grandson.ch\/gymgrandson\/groupe\/groupegroupe-agres-c1\/","title":{"rendered":"Groupe Agr\u00e8s individuel pr\u00e9paratoire et comp\u00e9tions C1"},"content":{"rendered":"<p><strong>Age\u202f: <\/strong><span data-contrast=\"none\">D\u00e8s 6 ans (groupe \u00e0 \u00e9valuer selon \u00e2ge et niveau du gymnaste, merci de contacter un moniteur)<\/span><span data-ccp-props=\"{&quot;335551550&quot;:6,&quot;335551620&quot;:6}\">\u00a0<\/span><\/p>\n<p><strong>Lieu\u202f: <\/strong><span data-contrast=\"none\">Centre Sportif de Born\u00e9-Nau<\/span><span data-ccp-props=\"{&quot;335551550&quot;:6,&quot;335551620&quot;:6}\">\u00a0<\/span><\/p>\n<p><strong>Horaires\u202f: <\/strong><span data-contrast=\"none\">Le lundi de 18h00 \u00e0 19h30<\/span><span data-ccp-props=\"{&quot;335551550&quot;:6,&quot;335551620&quot;:6}\">\u00a0<\/span><\/p>\n<p><span data-contrast=\"none\"><strong>Descriptif\u202f:<\/strong>\u00a0<\/span><span data-ccp-props=\"{&quot;335551550&quot;:6,&quot;335551620&quot;:6}\">\u00a0<\/span><span data-contrast=\"none\">La gymnastique aux agr\u00e8s individuel se pratique sur 5 engins lors des comp\u00e9titions (le sol, la barre fixe, le saut, les anneaux pour les filles et les barres parall\u00e8les en plus pour les gar\u00e7ons).\u00a0<\/span><\/p>\n<p><span data-contrast=\"none\">La premi\u00e8re ann\u00e9e de participation, les gymnastes apprendront les bases de la gymnastique aux agr\u00e8s pour les suivantes, les comp\u00e9titions sont obligatoires pour tous les gymnastes.<\/span><span data-ccp-props=\"{&quot;335551550&quot;:6,&quot;335551620&quot;:6}\">\u00a0<\/span><\/p>\n<p><span data-contrast=\"none\">Le groupe participe \u00e9galement aux diff\u00e9rentes activit\u00e9s de la soci\u00e9t\u00e9 dont la soir\u00e9e de gymnastique.\u00a0<\/span><span data-ccp-props=\"{&quot;335551550&quot;:6,&quot;335551620&quot;:6}\">\u00a0<\/span><\/p>\n<p><strong>Contact\u202f: <\/strong><span data-contrast=\"none\">Marine Perusset \u2013 077\/442.94.08<\/span>\u00a0<a href=\"mailto:mperuss@gmail.com\">mperuss@gmail.com<\/a><\/p>\n","protected":false},"excerpt":{"rendered":"<p>Age\u202f: D\u00e8s 6 ans (groupe \u00e0 \u00e9valuer selon \u00e2ge et niveau du gymnaste, merci de contacter un moniteur)\u00a0 Lieu\u202f: Centre Sportif de Born\u00e9-Nau\u00a0 Horaires\u202f: Le lundi de 18h00 \u00e0 19h30\u00a0 Descriptif\u202f:\u00a0\u00a0La gymnastique aux agr\u00e8s individuel se pratique sur 5 engins lors des comp\u00e9titions (le sol, la barre fixe, le saut, les anneaux pour les filles30<\/p>\n","protected":false},"author":1,"featured_media":0,"parent":37,"menu_order":0,"comment_status":"closed","ping_status":"closed","template":"page-fullwidth.php","meta":{"footnotes":""},"class_list":["post-78","page","type-page","status-publish","hentry"],"_links":{"self":[{"href":"https:\/\/gym-grandson.ch\/gymgrandson\/wp-json\/wp\/v2\/pages\/78","targetHints":{"allow":["GET"]}}],"collection":[{"href":"https:\/\/gym-grandson.ch\/gymgrandson\/wp-json\/wp\/v2\/pages"}],"about":[{"href":"https:\/\/gym-grandson.ch\/gymgrandson\/wp-json\/wp\/v2\/types\/page"}],"author":[{"embeddable":true,"href":"https:\/\/gym-grandson.ch\/gymgrandson\/wp-json\/wp\/v2\/users\/1"}],"replies":[{"embeddable":true,"href":"https:\/\/gym-grandson.ch\/gymgrandson\/wp-json\/wp\/v2\/comments?post=78"}],"version-history":[{"count":10,"href":"https:\/\/gym-grandson.ch\/gymgrandson\/wp-json\/wp\/v2\/pages\/78\/revisions"}],"predecessor-version":[{"id":2663,"href":"https:\/\/gym-grandson.ch\/gymgrandson\/wp-json\/wp\/v2\/pages\/78\/revisions\/2663"}],"up":[{"embeddable":true,"href":"https:\/\/gym-grandson.ch\/gymgrandson\/wp-json\/wp\/v2\/pages\/37"}],"wp:attachment":[{"href":"https:\/\/gym-grandson.ch\/gymgrandson\/wp-json\/wp\/v2\/media?parent=78"}],"curies":[{"name":"wp","href":"https:\/\/api.w.org\/{rel}","templated":true}]}}