{"id":968,"date":"2016-10-15T16:13:03","date_gmt":"2016-10-15T15:13:03","guid":{"rendered":"http:\/\/gym-grandson.ch\/gymgrandson\/?page_id=968"},"modified":"2024-08-26T09:39:21","modified_gmt":"2024-08-26T08:39:21","slug":"soiree-de-gymnastique","status":"publish","type":"page","link":"https:\/\/gym-grandson.ch\/gymgrandson\/agenda\/soiree-de-gymnastique\/","title":{"rendered":"Soir\u00e9e de gymnastique"},"content":{"rendered":"<p><img loading=\"lazy\" decoding=\"async\" class=\"wp-image-2703 alignleft\" src=\"https:\/\/gym-grandson.ch\/gymgrandson\/wp-content\/uploads\/2021\/10\/flyer_soiree21.jpeg\" alt=\"\" width=\"426\" height=\"601\" \/><\/p>\n<div data-contents=\"true\">\n<div class=\"\" data-block=\"true\" data-editor=\"7lchf\" data-offset-key=\"doole-0-0\">\n<div class=\"_1mf _1mj\" data-offset-key=\"doole-0-0\"><span data-offset-key=\"doole-0-0\">Cette ann\u00e9e, la Soci\u00e9t\u00e9 de Gymnastique de Grandson a d\u00e9cid\u00e9 de se mettre sur les ondes avec sa propre station de radio: GYM FM.<br \/>\n<\/span><\/div>\n<div class=\"_1mf _1mj\" data-offset-key=\"doole-0-0\"><\/div>\n<\/div>\n<div class=\"\" data-block=\"true\" data-editor=\"7lchf\" data-offset-key=\"5i91q-0-0\">\n<div class=\"_1mf _1mj\" data-offset-key=\"5i91q-0-0\"><span data-offset-key=\"5i91q-0-0\">Comme les ann\u00e9es pr\u00e9c\u00e9dentes, nous organisons pour vous deux repr\u00e9sentations qui se tiendront les VENDREDI 15 ET SAMEDI 16 Novembre! L&rsquo;ouverture des portes se fera \u00e0 19h00 et le spectacle d\u00e9butera \u00e0 20h00 \u00e0 la Salle des Quais de Grandson. L&rsquo;apr\u00e8s-soir\u00e9e du vendredi se composera d&rsquo;une pasta party et celle du samedi de notre traditionnel bal.<\/span><\/div>\n<div data-offset-key=\"5i91q-0-0\"><\/div>\n<\/div>\n<div class=\"\" data-block=\"true\" data-editor=\"7lchf\" data-offset-key=\"2iifd-0-0\">\n<div data-offset-key=\"2iifd-0-0\">Les billets sont en vente <a href=\"https:\/\/eventfrog.ch\/de\/p\/musicals-shows\/show\/soiree-de-gym-grandson-6572750096398586759.html#ticket-container\">en ligne<\/a>.<\/div>\n<div data-offset-key=\"2iifd-0-0\"><\/div>\n<\/div>\n<div class=\"\" data-block=\"true\" data-editor=\"7lchf\" data-offset-key=\"5vaqh-0-0\">\n<div class=\"_1mf _1mj\" data-offset-key=\"5vaqh-0-0\"><span data-offset-key=\"5vaqh-0-0\">Nous nous r\u00e9jouissons d&rsquo;ores et d\u00e9j\u00e0 de vous voir nombreux!<\/span><\/div>\n<\/div>\n<\/div>\n<p><!-- http:\/\/gym-grandson.ch\/benevole\/index.php --><\/p>\n<h1 style=\"text-align: center;\" data-offset-key=\"5vaqh-0-0\"><\/h1>\n","protected":false},"excerpt":{"rendered":"<p>Cette ann\u00e9e, la Soci\u00e9t\u00e9 de Gymnastique de Grandson a d\u00e9cid\u00e9 de se mettre sur les ondes avec sa propre station de radio: GYM FM. Comme les ann\u00e9es pr\u00e9c\u00e9dentes, nous organisons pour vous deux repr\u00e9sentations qui se tiendront les VENDREDI 15 ET SAMEDI 16 Novembre! L&rsquo;ouverture des portes se fera \u00e0 19h00 et le spectacle d\u00e9butera30<\/p>\n","protected":false},"author":1,"featured_media":0,"parent":390,"menu_order":0,"comment_status":"closed","ping_status":"closed","template":"page-fullwidth.php","meta":{"footnotes":""},"class_list":["post-968","page","type-page","status-publish","hentry"],"_links":{"self":[{"href":"https:\/\/gym-grandson.ch\/gymgrandson\/wp-json\/wp\/v2\/pages\/968","targetHints":{"allow":["GET"]}}],"collection":[{"href":"https:\/\/gym-grandson.ch\/gymgrandson\/wp-json\/wp\/v2\/pages"}],"about":[{"href":"https:\/\/gym-grandson.ch\/gymgrandson\/wp-json\/wp\/v2\/types\/page"}],"author":[{"embeddable":true,"href":"https:\/\/gym-grandson.ch\/gymgrandson\/wp-json\/wp\/v2\/users\/1"}],"replies":[{"embeddable":true,"href":"https:\/\/gym-grandson.ch\/gymgrandson\/wp-json\/wp\/v2\/comments?post=968"}],"version-history":[{"count":33,"href":"https:\/\/gym-grandson.ch\/gymgrandson\/wp-json\/wp\/v2\/pages\/968\/revisions"}],"predecessor-version":[{"id":3093,"href":"https:\/\/gym-grandson.ch\/gymgrandson\/wp-json\/wp\/v2\/pages\/968\/revisions\/3093"}],"up":[{"embeddable":true,"href":"https:\/\/gym-grandson.ch\/gymgrandson\/wp-json\/wp\/v2\/pages\/390"}],"wp:attachment":[{"href":"https:\/\/gym-grandson.ch\/gymgrandson\/wp-json\/wp\/v2\/media?parent=968"}],"curies":[{"name":"wp","href":"https:\/\/api.w.org\/{rel}","templated":true}]}}